{"id":10,"date":"2020-02-12T16:45:00","date_gmt":"2020-02-12T15:45:00","guid":{"rendered":"https:\/\/greenbuzznutrients.com\/de\/mein-konto\/"},"modified":"2023-09-05T10:35:33","modified_gmt":"2023-09-05T08:35:33","slug":"mein-konto","status":"publish","type":"page","link":"https:\/\/greenbuzznutrients.com\/de\/mein-konto\/","title":{"rendered":"Mein Konto"},"content":{"rendered":"\n<div style=\"height:20px\" aria-hidden=\"true\" class=\"wp-block-spacer\"><\/div>\n\n\n\n<p><strong>Liebe Kunden,<\/strong><\/p>\n\n\n\n<p>hier k\u00f6nnt ihr euch ein Benutzerkonto f\u00fcr unseren Shop anlegen. Nach der Anmeldung k\u00f6nnt ihr hier eure hinterlegten Daten bearbeiten, vergangene Bestellungen einsehen und noch einiges mehr.<\/p>\n\n\n\n<p>F\u00fcr unsere gewerblichen Kunden steht nach der Registrierung unter &#8222;Konto-Details&#8220; unser Webdatenpaket als ZIP Datei (202 Dateien insgesamt) zum Download bereit.<\/p>\n\n\n\n<p><strong>Die Freischaltung der H\u00e4ndlerpreise erfolgt manuell.<\/strong><\/p>\n\n\n\n<p>Bitte habt von daher etwas Geduld bzw. gebt uns nochmal kurz nach der Registrierung Bescheid, vielen Dank. <\/p>\n\n\n<div class=\"woocommerce\"><\/div>\n","protected":false},"excerpt":{"rendered":"<p>Liebe Kunden, hier k\u00f6nnt ihr euch ein Benutzerkonto f\u00fcr unseren Shop anlegen. Nach der Anmeldung k\u00f6nnt ihr hier eure hinterlegten Daten bearbeiten, vergangene Bestellungen einsehen und noch einiges mehr. F\u00fcr unsere gewerblichen Kunden steht nach der Registrierung unter &#8222;Konto-Details&#8220; unser Webdatenpaket als ZIP Datei (202 Dateien insgesamt) zum Download bereit. Die Freischaltung der H\u00e4ndlerpreise erfolgt [&hellip;]<\/p>\n","protected":false},"author":1,"featured_media":0,"parent":0,"menu_order":0,"comment_status":"closed","ping_status":"closed","template":"templates\/template-full-width.php","meta":{"footnotes":""},"_links":{"self":[{"href":"https:\/\/greenbuzznutrients.com\/de\/wp-json\/wp\/v2\/pages\/10"}],"collection":[{"href":"https:\/\/greenbuzznutrients.com\/de\/wp-json\/wp\/v2\/pages"}],"about":[{"href":"https:\/\/greenbuzznutrients.com\/de\/wp-json\/wp\/v2\/types\/page"}],"author":[{"embeddable":true,"href":"https:\/\/greenbuzznutrients.com\/de\/wp-json\/wp\/v2\/users\/1"}],"replies":[{"embeddable":true,"href":"https:\/\/greenbuzznutrients.com\/de\/wp-json\/wp\/v2\/comments?post=10"}],"version-history":[{"count":12,"href":"https:\/\/greenbuzznutrients.com\/de\/wp-json\/wp\/v2\/pages\/10\/revisions"}],"predecessor-version":[{"id":1778,"href":"https:\/\/greenbuzznutrients.com\/de\/wp-json\/wp\/v2\/pages\/10\/revisions\/1778"}],"wp:attachment":[{"href":"https:\/\/greenbuzznutrients.com\/de\/wp-json\/wp\/v2\/media?parent=10"}],"curies":[{"name":"wp","href":"https:\/\/api.w.org\/{rel}","templated":true}]}}