{"id":11,"date":"2020-02-12T16:46:29","date_gmt":"2020-02-12T15:46:29","guid":{"rendered":"https:\/\/greenbuzznutrients.com\/de\/?page_id=11"},"modified":"2024-10-07T08:40:14","modified_gmt":"2024-10-07T06:40:14","slug":"agb","status":"publish","type":"page","link":"https:\/\/greenbuzznutrients.com\/de\/agb\/","title":{"rendered":"Allgemeine Gesch\u00e4ftsbedingungen"},"content":{"rendered":"\n<p><strong>Allgemeine Liefer- und Gesch\u00e4ftsbedingungen &#8211; GREEN BUZZ NUTRIENTS<\/strong><\/p>\n\n\n\n<ol>\n<li>Anwendungsbereich dieser AGB<\/li>\n\n\n\n<li>Angebot<\/li>\n\n\n\n<li>Bestellung<\/li>\n\n\n\n<li>Vertragsabschluss<\/li>\n\n\n\n<li>Preise und Zahlungsbedingungen<\/li>\n\n\n\n<li>Eigentumsvorbehalt<\/li>\n\n\n\n<li>Lieferung<\/li>\n\n\n\n<li>Haftungsausschluss<\/li>\n\n\n\n<li>Versandkosten und Rabatte<\/li>\n\n\n\n<li>Sachmangel<\/li>\n\n\n\n<li>R\u00fcckgaberecht<\/li>\n\n\n\n<li>Internetseite und Werbung<\/li>\n\n\n\n<li>Zulassung unserer D\u00fcngemittel<br><br><br><\/li>\n<\/ol>\n\n\n\n<p><strong>1. Anwendungsbereich dieser AGB letzte Aktualisierung: 01.10.2024<\/strong><\/p>\n\n\n\n<p>1-1) Durch die Anmeldung\/Registrierung oder eine Bestellung akzeptiert der Kunde (hier H\u00e4ndler oder Endverbraucher) die nachstehend aufgef\u00fchrten AGB von GREEN BUZZ NUTRIENTS.<\/p>\n\n\n\n<p>1-2) Diese Allgemeinen Gesch\u00e4ftsbedingungen liegen allen Lieferungen und Leistungen von GREEN BUZZ NUTRIENTS zugrunde.<br>1-3) Entgegenstehenden Bedingungen widersprechen wir hiermit ausdr\u00fccklich. Sie gelten nur, wenn dies vorher schriftlich vereinbart Wurden.<br>1-4) Unsere Gesch\u00e4ftsbedingungen gelten auch f\u00fcr alle k\u00fcnftigen Gesch\u00e4fte mit dem Vertragspartner.<\/p>\n\n\n\n<p>1-5) Unsere Gesch\u00e4ftsbedingungen sind immer bis zur n\u00e4chsten Aktualisierung g\u00fcltig, so wie Sie auch auf dieser Seite hier, oder der Rechnung beim Kauf von Produkten in Ihrer aktuellen G\u00fcltigkeit beiliegt.<\/p>\n\n\n\n<p>1-6) Diese Gesch\u00e4ftsbedingungen sind ausschlie\u00dflich f\u00fcr Gesch\u00e4ftsk- sowie Endkunden mit Sitz aus Deutschland g\u00fcltig. Sollten Sie Ihren Firmensitz oder Private Anschrift au\u00dferhalb von der Bundesrepublik Deutschland haben, so erfragen Sie bitte die jeweiligen Gesch\u00e4ftsbedingungen mit den jeweiligen zutreffenden Punkt\u00e4nderungen unserer AGB oder rufen sie die englischsprachige Seite mit den entsprechend g\u00fcltigen AGBs auf. <\/p>\n\n\n\n<p><strong>2. Angebot<\/strong><br>2-1) Kleine Farbabweichungen und Mehrinhalte in den Flaschen der Produkte sind m\u00f6glich.<br>2-2) Solche Abweichungen stellen keinen Mangel im Sinne des Gesetzes aufgrund ihres nat\u00fcrlichen Ursrunges und den schwankenden Rohstoffen, dar.<\/p>\n\n\n\n<p>2-3) Insbesondere bei D\u00fcngemitteln nat\u00fcrlicher Herkunft von unterschiedlichen Produktionschargen. Wobei wir stets bem\u00fcht sind hier auch eine gleichbleibende Farbgebung und Kositenz zu erzielen, k\u00f6nnen wir dies nicht immer ganz zu 100 % ausschlie\u00dfen.<\/p>\n\n\n\n<p><strong>3. Bestellung<\/strong><br>3-1) Wir vertreiben unsere Produkte ausschlie\u00dflich an H\u00e4ndler im Gro\u00df- und Einzelhandel, sowie an Endverbraucher. F\u00fcr H\u00e4ndler ist zwingend eine Gewebeanmeldung auszuwei\u00dfen.<br>3-2) Der H\u00e4ndler hat sich vor der ersten Bestellung des Weiteren noch mit seiner USt-ID auszuweisen.<br>3-3) Der H\u00e4ndler kann bei uns am schnellsten, mit dem daf\u00fcr vorgesehenen Bestellvordruck auf der Webseite, per Fax an: 06241 &#8211; 4824 962, per Telefon 06241 &#8211; 4824 961<\/p>\n\n\n\n<p>(MO-FR`s in der Zeit von 12:00-16:20 Uhr) oder jederzeit auf unseren Anrufbeantworter und per E-Mail unter: <a href=\"mailto:info@gb-liquids.de\">info@greenbuzznutrients.de<\/a> oder auch \u00fcber einen eigenen Online Account den wir auf Wunsch auf unserer Webseite einrichten, seine Bestellung aufgeben.<br>3-4) Es gibt einen Mindestbestellwert von 75.- \u20ac.<\/p>\n\n\n\n<p>3-5) Bestellungen unter dem Mindestbestellwert k\u00f6nnen nicht ausgef\u00fchrt werden und werden Systemseitig auch nicht zuzgelassen.<\/p>\n\n\n\n<p>3-6) F\u00fcr Bestellungen fallen Versandkosten in H\u00f6he 7,97 \u20ac netto, je Sendung max. 24 kg Versandgewicht an.<\/p>\n\n\n\n<p><strong>4. Vertragsabschluss<\/strong><br>4-1) GREEN BUZZ NUTRIENTS beh\u00e4lt sich das Recht vor, einzelne Bestellungen nicht, oder nur teilweise auszuf\u00fchren.<br>4-2)&nbsp; GREEN BUZZ NUTRIENTS ist berechtigt, dieses Angebot innerhalb von 5 Werktagen unter Zusendung einer Auftragsbest\u00e4tigung anzunehmen.<br>4-3) Ein Vertrag kommt erst mit unserer schriftlichen Auftragsbest\u00e4tigung oder mit der Auslieferung der vereinbarten Leistungen zustande.<br>4-4) S\u00e4mtliche Vereinbarungen bei Vertragsabschluss sind ausschlie\u00dflich schriftlich niederzulegen, andere als die niedergelegten sind nicht getroffen. Die Schriftform gilt auch f\u00fcr Nebenabreden, Zusicherungen und Nachtr\u00e4glicher \u00c4nderungen, einschlie\u00dflich der Vertragsaufhebung als Vereinbart.<\/p>\n\n\n\n<p><strong>5. Preise und Zahlungsbedingungen<\/strong><br>5-1) Alle UVP Preise, sind in unseren Gro\u00dfhandels-,Einzelhandels-, sowie unseren UVP Endkunden-Preislisten dem wiederverkaufendem Handel, sowie dem Verkauf am Endkunden in jeder Preisliste aufgelistet.<br>5-2) Die Preise verstehen sich als netto Warenwert ab Lager, wir wei\u00dfen alle Waren, mit Ausnahme der Startersets (Set Kompositionen unterliegen hierbei nicht dem verringertem Steuersatz), mit dem verringerten MwSt Satz von 7% aus. S\u00e4mtliches Zubeh\u00f6r und Postdienstleistungen sind hiervon jedoch ausgeschlossen und sind wie die Startersets, mit dem normalen Steuersatz zu berechnen.<br>5-3) Die unverbindlichen empfohlenen Verkaufspreise verstehen sich als Warenwert ab Lager.<br>5-4) Der Preis umfasst nicht die Liefer- und Versandkosten.<br>5-5) Preis\u00e4nderungen behalten wir uns ausdr\u00fccklich, falls notwendig, jeweils zum Ende eines jeden Kalenderjahres vor.<br>5-6) Wenn nichts anderes vereinbart, ist der Kaufpreis in Euro innerhalb von 14 Tagen nach dem Empfang der Ware und Rechnung ohne Abzug f\u00e4llig.<br>5-7) Die Bezahlung der Waren erfolgt bei Neukunden ausschlie\u00dflich per Vorkasse, per Nachnahmesendung oder gegen Barauslieferung.<br>5-8) Die Bezahlung kann f\u00fcr Bestandskunden ab der 2. Bestellung auch auf Rechnung erfolgen.<br>5-9) Die Ware bleibt bis zur vollst\u00e4ndigen Bezahlung Eigentum von GREEN BUZZ NUTRIENTS. Rechnungsziel ist Tage, beginnend ab dem Rechnungsdatum.<\/p>\n\n\n\n<p>5-10) Wir behalten uns das Recht vor, bei Rechnungskunden bei eintretenden Zahlungsverzug eventuell auf die Bestellsumme gew\u00e4hrleistete Rabatte zu wiederrufen. Im Fall eines Zahlungsverzuges ist daher der normale Ausgewiesene Rechnungsbetrag f\u00e4llig und wird auch so von uns in einer Schriftlichen Zahlungserinnerung ab deren Schriftlichen Zusendung per E-Mail oder Briefpost ab dem Ausstellungstag f\u00e4llig.<\/p>\n\n\n\n<p>5-11) Zahlungserinnerungs- sowie Mahngeb\u00fchren, f\u00fcr die Zahlungserinnerung fallen keine Geb\u00fchren an, Bei der ersten Mahnung f\u00e4llt eine zus\u00e4tzliche Bearbeitungsgeb\u00fchr in H\u00f6he von 2,50.- \u20ac netto an, f\u00fcr die 2. und 3. Mahnung erh\u00f6ht sich dieser Betrag auf 5,- \u20ac bzw. 7,50 \u20ac Gesamtmahnkosten.<\/p>\n\n\n\n<p><strong>6. Eigentumsvorbehalt<\/strong><br>6-1) Die Ware bleibt bis zur vollst\u00e4ndigen Bezahlung der vollen Kaufpreisforderung (Rechnung) Eigentum von GREEN BUZZ NUTRIENTS.<\/p>\n\n\n\n<p><strong>7. Lieferung<\/strong><br>7-1) Lieferfristen beginnen mit Vertragsabschluss. Die Lieferfrist betr\u00e4gt zwischen 1 Werktag &#8211; und im Fall eines Bestelleinganges w\u00e4hrend der Betriebsferien &#8211; maximal 2-3 Wochen.<br>7-2) Liefertermine oder Lieferfristen, die verbindlich oder unverbindlich vereinbart werden k\u00f6nnen, sind vorher schriftlich anzugeben.<br>7-3) Werden nachtr\u00e4gliche Vertrags\u00e4nderungen vereinbart, ist die erforderlichenfalls gleichzeitig ein Liefertermin oder eine Lieferfrist neu zu vereinbaren.<br>7-4) Bei Auftragserteilung nicht vorhersehbare Umst\u00e4nde, wie Mangel an Roh- und Hilfsstoffen oder Behinderungen h\u00f6herer Gewalt, berechtigen den Verk\u00e4ufer, sofern hierdurch die Lieferung der bestellten Ware unm\u00f6glich wird, zum R\u00fccktritt vom Vertrag durch schriftliche Mitteilung gegen\u00fcber dem K\u00e4ufer. Bei einem zeitlich begrenzten vom Verk\u00e4ufer unverschuldeten Lieferhindernis ist der Verk\u00e4ufer berechtigt, den vereinbarten Liefertermin um den Zeitraum der Hinderung zu \u00fcberschreiten.<br><br><\/p>\n\n\n\n<p>7-5) Erwirbt der K\u00e4ufer den Kaufgegenstand f\u00fcr seine gewerbliche oder berufliche T\u00e4tigkeit, geht die Gefahr des zuf\u00e4lligen Untergangs und der zuf\u00e4lligen Verschlechterung des Kaufgegenstandes auf ihn \u00fcber, sobald&nbsp; GREEN BUZZ NUTRIENTS den Kaufgegenstand dem Spediteur, dem Frachtf\u00fchrer oder der sonst zur Ausf\u00fchrung der Versendung bestimmten Person oder Anstalt \/ Abteilung ausgeliefert hat.<br>7-6) Wir behalten uns vor bei anhaltenden Frostperioden die Auslieferung der Ware solange zur\u00fcck zu stellen, bis wieder erstmalig Temperaturen von min. 5 C\u00b0 in der Nacht erreicht werden&nbsp; um unsere Produkte vor Qualit\u00e4tsverlust durch Frostsch\u00e4den zu sch\u00fctzen.<\/p>\n\n\n\n<p>7-7) Wir behalten uns des Weiteren auch vor bei anhalten Hitzeperioden die Auslieferung der Ware solange zur\u00fcck zu stellen, bis wieder erstmalig Temperaturen von min. unter 30 C\u00b0 am Tag erreicht werden&nbsp; um unsere Produkte vor Qualit\u00e4tsverlust durch Hitzeeinfluss sowie auch deren Haltbarkeit zu sch\u00fctzen.<\/p>\n\n\n\n<p>7-8) Sollte ein Temperaturbedingter Lieferstopp auftreten wird der K\u00e4ufer von uns \u00fcber den Lieferstopp, sowie falls m\u00f6glich \u00fcber den Versandausgang informiert werden.<\/p>\n\n\n\n<p>7-9) Eine Auslieferung trotz Lieferstopp auf Aufforderung des K\u00e4ufers tritt der K\u00e4ufer somit seine kompletten Garantieanspr\u00fcche f\u00fcr die gesmate belieferten Chargen Nummern und Mengen auf sein Risiko hin ab.<\/p>\n\n\n\n<p><strong>8. Haftungsausschluss<\/strong><br>8-1) F\u00fcr zu sp\u00e4t eingegangene Bestellungen, oder Bestellungen die in der Frostigen Jahreszeit und nur auf ausdr\u00fcckliches Risiko des H\u00e4ndlers\/Kunden versandt werden \u00fcbernehmen wir keinerlei Haftung.<br>8-2) Dar\u00fcber hinaus hat der (Gro\u00df)H\u00e4ndler daf\u00fcr Sorge zu tragen, damit die Produkte ordnungsgem\u00e4\u00df Gelagert werden. Hier gilt das Prinzip: (FIFO) Was zuerst reinkommt, das geht auch wieder zuerst raus an den H\u00e4ndler \/ Kunden.<\/p>\n\n\n\n<p>8-3) F\u00fcr Sch\u00e4den die durch unsachgem\u00e4\u00dfe Lagerung oder falsche Anwendung, falschen Transport am Inhalt, der Verpackung, oder der Umverpackung entstehen, haftet alleinigst der (Gro\u00df)H\u00e4ndler.<br>8-4) Auch haben die Mitarbeiter daf\u00fcr Sorge zu tragen dass Die Produkte den Vorschriften entsprechend gelagert werden, dabei ist besonders darauf zu achten damit die Produkte keinen Temperaturen unter 10 C\u00b0 bzw. \u00fcber 25 C\u00b0 ausgesetzt werden um ein verklumpen \/ umkippen der Produkte zu verhindern.<\/p>\n\n\n\n<p>8-5) Bei Reklamationen ist zwingend die auf dem Etikett\/Flasche\/Dose\/Kanister angebrachte gr\u00fcne Chargen- Nummer (Flaschenr\u00fccken zwischen dem Etikett) anzugeben. Ohne diese Chargen Nummer ist eine Reklamation und nachvollziehbarkeit leider ausgeschlossen und von daher nicht mehr m\u00f6glich.<br><strong>9. Versandkosten und Rabatte<\/strong><\/p>\n\n\n\n<p>9-1) Es gibt einen Mindestbestellwert von 75.- \u20ac. F\u00fcr Bestellungen deren Warenwert sich darunter bel\u00e4uft, werden die Bestellungen durch uns nicht ausgef\u00fchrt.<\/p>\n\n\n\n<p>9-2)Es fallen zus\u00e4tzliche Versandkosten von 7,97 \u20ac netto je Paket bis max. 24 kg Versandgewicht an.<\/p>\n\n\n\n<p>9-3) Wir versenden im Normalfall mit der UPS ausserhalb von Deutschland desweiteren auch mit DHL.<\/p>\n\n\n\n<p>9-4) Auf gesonderten Wunsch versenden wir gegen Aufpreis innerhalb von Deutschland auch mit der DHL. Der Aufpreis betr\u00e4gt 15,95 \u20ac je 24 kg Paket und wurde mit sicherheit nicht durch uns fest gelegt. Weswegen wir zum 01.04.2020 nach dessen Erh\u00f6hung auch unseren DHL Versand auf UPS umstellen mussten. <\/p>\n\n\n\n<p>9-5) Die Tranport \/ Versandkosten sind immer von Seiten des K\u00e4ufers selbst zu tragen.<\/p>\n\n\n\n<p>9-6) Die Versandkosten auf 7,97 \u20ac netto, je Paket a max. 24 kg Versandgewicht..<\/p>\n\n\n\n<p>9-7) entfallen<\/p>\n\n\n\n<p>9-8) Es werden bei VE Abnahmemenge oder erreichen von 1500 \u20ac Netto Warenwert zus\u00e4tzliche 8 % Rabatt gew\u00e4hrt, dar\u00fcber hinaus werden keine weiteren Rabatte gew\u00e4hrt.<br><strong>10. Sachmangel<\/strong><br>10-1) Der Empf\u00e4nger hat bei der \u00dcbernahme der Lieferung auf ersichtliche Sch\u00e4den zu achten und diese gegebenenfalls beim Boten umgehend bei Erhalt der Sendung festzuhalten bzw. die Annahme ganz zu verweigern. Ein von dem Empf\u00e4nger angenommenes Paket mit offensichtlichen Transportsch\u00e4den k\u00f6nnen wir nicht zur\u00fccknehmen.<br>10-2) Es gelten die gesetzlichen Sachm\u00e4ngelfristen.<br>10-3) Liegt bei der Ware ein Mangel vor (Produktions- und \/ oder Materialmangel), hat der K\u00e4ufer Anspruch auf Mangelbeseitigung oder Ersatzlieferung, sofern diese zumutbar ist.<br>10-4) Ein Sachmangel liegt nicht bei leichten Produktionsbedingten Farbabweichungen des Produktinhaltes gegen\u00fcber einer anderen Produktionscharge dar. Ferner behalten wir uns das Recht vor, unsere Produkte jederzeit mit neuen Rezepturen zu verbessern, wir Informieren Sie in diesem Fall fr\u00fchzeitig dar\u00fcber.<br>10-5) Wenn Mangelbeseitigung oder Ersatzlieferung unm\u00f6glich sind, hat der K\u00e4ufer das Recht, vom Kauf zur\u00fcckzutreten oder Minderung zu verlangen.<br><strong>11. R\u00fcckgaberecht<\/strong><br>11-1) Der K\u00e4ufer kann die m\u00e4ngelfreie und ungebrauchte Ware ohne Angabe von Gr\u00fcnden, binnen einer Frist von 14 Tagen nach Erhalt der Sendung zur\u00fcckgeben.<br>11-2) Alle Produkte m\u00fcssen unversehrt sein.<br>11-3) Im Falle eines wirksamen Widerrufs sind die beiderseits empfangenen Leistungen Zur\u00fcck zu gew\u00e4hren und gegebenenfalls daraus gezogene Nutzungen herauszugeben.<br>11-4) Bei einer Verschlechterung der Ware kann Wertersatz nur dann verlangt werden, sofern auch nachgewiesen werden kann, dass die Ware innerhalb der daf\u00fcr vorgesehenen Lagerfristen Schaden genommen hat.<br>11-5) Wenn Der K\u00e4ufer von seinem R\u00fcckgaberecht Gebrauch macht, wird der Kaufvertrag hinf\u00e4llig.<br><strong>12. Wiederrufsbelehrung<\/strong><\/p>\n\n\n\n<p>12-1) seit dem 13.06.2014 schreibt der Gesetzgeber eine neue Wiederrufsbelehrung vor, Die Wiederrufsbelehrungen sind der AGB immer mit angeh\u00e4ngt.<\/p>\n\n\n\n<p><strong>13. Internetseite und Werbung<\/strong><\/p>\n\n\n\n<p>13-1) Die Logos und Marken sowie Produktbezeichnungen sind eigene Warenzeichen von GREEN BUZZ NUTRIENTS und sind urheberrechtlich gesch\u00fctzt.<br>13-2) Alle Produktbeschreibungen und Fotos soweit nicht extra anders angegeben stammen direkt von GREEN BUZZ NUTRIENTS und sind ebenfalls urheberrechtlich gesch\u00fctzt.<\/p>\n\n\n\n<p>-Fotoquellen GREEN BUZZ NUTRIENTS:<\/p>\n\n\n\n<p>-Hortus Botanicus (Botanischer Garten in Amsterdam)<\/p>\n\n\n\n<p>-Palmengarten (Exotengarten in Frankfurt a. Main)<\/p>\n\n\n\n<p>-Botanischer Garten (in M\u00fcnchen)<\/p>\n\n\n\n<p>-Botanischer Garten (in Heidelberg)<\/p>\n\n\n\n<p>13-3) Produktkataloge, deren Bilder sowie D\u00fcngepl\u00e4ne d\u00fcrfen nicht Kopiert, vervielf\u00e4ltigt oder unerlaubter wei\u00dfe weitergegeben werden. Es sind ausschlie\u00dflich die vom Hersteller zur Verf\u00fcgung gestellten Werbemittel sowie D\u00fcngerpl\u00e4ne zu verwenden.<\/p>\n\n\n\n<p><strong>14. Zulassung unserer D\u00fcngemittel<br><\/strong>14-1) Wir legen gro\u00dfen Wert auf Vertrauen, deswegen lassen wir jedes Produkt bei unserer zust\u00e4ndigen Beh\u00f6rde in Deutschland Kontrollieren und Analysieren. Und haben f\u00fcr unsere Produkte entsprechende staatlich ausgestellte Bescheinigungen hierzu erhalten.<\/p>\n\n\n\n<p>14-2) Desweitern sind 12 unserer aktuell 14 Produkte zu 100 % vegan und haben dar\u00fcber hinaus, das offizielle Vegan Zertifikat nach dessen Pr\u00fcfung erhalten.<\/p>\n\n\n\n<p><strong>Rechnungsanschrift:<\/strong><br><strong>GREEN BUZZ NUTRIENTS<\/strong><br>Inhaber: Rotfuchs, Enrico<\/p>\n\n\n\n<p>Mathilden Stra\u00dfe 5<br>67547 Worms<\/p>\n\n\n\n<p>Ust-Id: DE 281 688 262<\/p>\n\n\n\n<p><strong>Bankverbindung:<\/strong><\/p>\n\n\n\n<p>Kontoinhaber: Green Buzz Nutrients<\/p>\n\n\n\n<p>IBAN: DE 6767 0400 3107 1014 2100<\/p>\n\n\n\n<p>BIC: COBADEFFXXX<\/p>\n\n\n\n<p>Commerzbank<\/p>\n\n\n\n<p><strong>Kontakt:<\/strong><\/p>\n\n\n\n<p>Telefon. + 49 ( 0 ) 6241 \u2013 4824 961<\/p>\n\n\n\n<p>Fax: + 49 (0) 6241 \u2013 4824 962<\/p>\n\n\n\n<p>Telefonische Erreichbarkeit: MO, DI, DO &amp; FR von 11:00 &#8211; 15:30 Uhr<br><a href=\"https:\/\/gb-liquids.com\/\">https:\/\/greenbuzznutrients.com<\/a><\/p>\n\n\n\n<p><a href=\"mailto:info@gb-liquids.com\">info@greenbuzznutrients.com<\/a><\/p>\n","protected":false},"excerpt":{"rendered":"<p>Allgemeine Liefer- und Gesch\u00e4ftsbedingungen &#8211; GREEN BUZZ NUTRIENTS 1. Anwendungsbereich dieser AGB letzte Aktualisierung: 01.10.2024 1-1) Durch die Anmeldung\/Registrierung oder eine Bestellung akzeptiert der Kunde (hier H\u00e4ndler oder Endverbraucher) die nachstehend aufgef\u00fchrten AGB von GREEN BUZZ NUTRIENTS. 1-2) Diese Allgemeinen Gesch\u00e4ftsbedingungen liegen allen Lieferungen und Leistungen von GREEN BUZZ NUTRIENTS zugrunde.1-3) Entgegenstehenden Bedingungen widersprechen wir [&hellip;]<\/p>\n","protected":false},"author":1,"featured_media":0,"parent":0,"menu_order":0,"comment_status":"closed","ping_status":"closed","template":"","meta":{"footnotes":""},"_links":{"self":[{"href":"https:\/\/greenbuzznutrients.com\/de\/wp-json\/wp\/v2\/pages\/11"}],"collection":[{"href":"https:\/\/greenbuzznutrients.com\/de\/wp-json\/wp\/v2\/pages"}],"about":[{"href":"https:\/\/greenbuzznutrients.com\/de\/wp-json\/wp\/v2\/types\/page"}],"author":[{"embeddable":true,"href":"https:\/\/greenbuzznutrients.com\/de\/wp-json\/wp\/v2\/users\/1"}],"replies":[{"embeddable":true,"href":"https:\/\/greenbuzznutrients.com\/de\/wp-json\/wp\/v2\/comments?post=11"}],"version-history":[{"count":7,"href":"https:\/\/greenbuzznutrients.com\/de\/wp-json\/wp\/v2\/pages\/11\/revisions"}],"predecessor-version":[{"id":2369,"href":"https:\/\/greenbuzznutrients.com\/de\/wp-json\/wp\/v2\/pages\/11\/revisions\/2369"}],"wp:attachment":[{"href":"https:\/\/greenbuzznutrients.com\/de\/wp-json\/wp\/v2\/media?parent=11"}],"curies":[{"name":"wp","href":"https:\/\/api.w.org\/{rel}","templated":true}]}}