{"id":19,"date":"2020-02-12T16:47:48","date_gmt":"2020-02-12T15:47:48","guid":{"rendered":"https:\/\/greenbuzznutrients.com\/de\/?page_id=19"},"modified":"2024-10-07T08:53:46","modified_gmt":"2024-10-07T06:53:46","slug":"zahlungarten","status":"publish","type":"page","link":"https:\/\/greenbuzznutrients.com\/de\/zahlungarten\/","title":{"rendered":"Zahlungarten"},"content":{"rendered":"\n<div style=\"height:20px\" aria-hidden=\"true\" class=\"wp-block-spacer\"><\/div>\n\n\n<div class=\"woocommerce woocommerce-gzd\">\n\t<ul class=\"payment_methods methods\">\n\t\t\t\t\t<li class=\"payment_method_stripe\">\n\t\t\t\t<label>Kredit-\/Debitkarte<img decoding=\"async\" src=\"https:\/\/greenbuzznutrients.com\/de\/wp-content\/plugins\/woocommerce-gateway-stripe\/assets\/images\/cards.svg\" class=\"stripe-cards-icon stripe-icon\" alt=\"credit \/ debit card\" \/><\/label>\n\t\t\t\t\t\t\t\t\t<div class=\"payment_box payment_method_stripe\">\n\t\t\t\t\t\t<p><\/p>\n\t\t\t\t\t<\/div>\n\t\t\t\t\t\t\t<\/li>\n\t\t\t\t\t<li class=\"payment_method_bacs\">\n\t\t\t\t<label>Zahlung per Vorkasse<\/label>\n\t\t\t\t\t\t\t\t\t<div class=\"payment_box payment_method_bacs\">\n\t\t\t\t\t\t<p>\u00dcberweise den Betrag direkt an unsere Bankverbindung. Bitte nutze die Bestellnummer als Verwendungszweck. Deine Bestellung wird am Tag des bzw. nach dem Geldeingang auf unserem Konto, automtisch versandt.<\/p>\n\t\t\t\t\t<\/div>\n\t\t\t\t\t\t\t<\/li>\n\t\t\t\t\t<li class=\"payment_method_cheque\">\n\t\t\t\t<label>Kryptow\u00e4hrung - alle auf Binance Handelbaren Kryptow\u00e4hrungen<\/label>\n\t\t\t\t\t\t\t\t\t<div class=\"payment_box payment_method_cheque\">\n\t\t\t\t\t\t<p>Du kannst bei uns auch mit allen auf der Handelsb\u00f6rse \"Binance\" Handelbaren Kryptow\u00e4hrungen bezahlen.\r\nSolltest du eine Bestellung online bei uns t\u00e4tigen wollen, ist folgendes zu beachten:\r\n\r\nWir m\u00fcssen als Referenz die auf Binance gehandelten Schlusskurse zum Kaufzeitpunkt auf die Minute genau erfassen und den Schlusskurs zum Zeitpunkt der get\u00e4tigten Bestellung binnen dieser Minute auf den get\u00e4tigen Kaufpreis 1:1 umrechnen, da wir eure Bestellung entsprechend auf den tats\u00e4chlich realen \u20ac Warenwert umrechnen und versteuern m\u00fcssen. \r\n\r\nBitte beachte des Weiteren also darauf, dass nur der auf Binance gehandelte Kurs f\u00fcr die get\u00e4tigten K\u00e4ufe m\u00f6glich ist.\r\n\r\nTeile uns in der Zwischenzeit nach dem Kauf noch die W\u00e4hrungsart, mit welcher du gerne bezahlen m\u00f6chtest mit. \r\nSowie ggf. \u00fcber welches auf Binance akzeptierte Netzwerk du gerne bezahlen m\u00f6chtest \u2013 solltest du nicht mit dem jeweils gesetzten Standard Netzwerk deine Zahlung t\u00e4tigen wollen.\r\n\r\nWir lassen dir anschlie\u00dfend unsere Wallet Adresse und den Kurs inklusiver der Anzahl des zu \u00dcberwei\u00dfenden Betrages in der entsprechenden W\u00e4hrung hierzu zukommen.\r\n\r\nNach der Gutschrift des Betrages verl\u00e4sst die Bestellung umgehend unser Werk.<\/p>\n\t\t\t\t\t<\/div>\n\t\t\t\t\t\t\t<\/li>\n\t\t\t\t\t<li class=\"payment_method_paypal\">\n\t\t\t\t<label>PayPal<img decoding=\"async\" src=\"https:\/\/greenbuzznutrients.com\/de\/wp-content\/plugins\/woocommerce\/includes\/gateways\/paypal\/assets\/images\/paypal.png\" alt=\"\u201ePaypal akzeptiert\u201c-Logo\" \/><a href=\"https:\/\/www.paypal.com\/de\/webapps\/mpp\/paypal-popup\" class=\"about_paypal\">Was ist PayPal?<\/a><\/label>\n\t\t\t\t\t\t\t\t\t<div class=\"payment_box payment_method_paypal\">\n\t\t\t\t\t\t<p>Mit Paypal bezahlen. Solltest du keinen Paypal-Account besitzen, kannst du auch mit deiner Kreditkarte bezahlen.<\/p>\n\t\t\t\t\t<\/div>\n\t\t\t\t\t\t\t<\/li>\n\t\t\t\t\t<li class=\"payment_method_stripe_klarna\">\n\t\t\t\t<label>Klarna<img decoding=\"async\" src=\"https:\/\/greenbuzznutrients.com\/de\/wp-content\/plugins\/woocommerce-gateway-stripe\/assets\/images\/klarna.svg\" class=\"stripe-klarna-icon stripe-icon\" alt=\"klarna\" \/><\/label>\n\t\t\t\t\t\t\t\t\t<div class=\"payment_box payment_method_stripe_klarna\">\n\t\t\t\t\t\t<p>Allow customers to pay over time with Klarna.<\/p>\n\t\t\t\t\t<\/div>\n\t\t\t\t\t\t\t<\/li>\n\t\t\t\t\t<li class=\"payment_method_stripe_eps\">\n\t\t\t\t<label>EPS<img decoding=\"async\" src=\"https:\/\/greenbuzznutrients.com\/de\/wp-content\/plugins\/woocommerce-gateway-stripe\/assets\/images\/eps.svg\" class=\"stripe-eps-icon stripe-icon\" alt=\"EPS\" \/><\/label>\n\t\t\t\t\t\t\t\t\t<div class=\"payment_box payment_method_stripe_eps\">\n\t\t\t\t\t\t<p>EPS is an Austria-based payment method that allows customers to complete transactions online using their bank credentials.<\/p>\n\t\t\t\t\t<\/div>\n\t\t\t\t\t\t\t<\/li>\n\t\t\t\t\t<li class=\"payment_method_stripe_bancontact\">\n\t\t\t\t<label>Bancontact<img decoding=\"async\" src=\"https:\/\/greenbuzznutrients.com\/de\/wp-content\/plugins\/woocommerce-gateway-stripe\/assets\/images\/bancontact.svg\" class=\"stripe-bancontact-icon stripe-icon\" alt=\"Bancontact\" \/><\/label>\n\t\t\t\t\t\t\t\t\t<div class=\"payment_box payment_method_stripe_bancontact\">\n\t\t\t\t\t\t<p>Bancontact is the most popular online payment method in Belgium, with over 15 million cards in circulation.<\/p>\n\t\t\t\t\t<\/div>\n\t\t\t\t\t\t\t<\/li>\n\t\t\t\t\t<li class=\"payment_method_stripe_ideal\">\n\t\t\t\t<label>iDEAL<img decoding=\"async\" src=\"https:\/\/greenbuzznutrients.com\/de\/wp-content\/plugins\/woocommerce-gateway-stripe\/assets\/images\/ideal.svg\" class=\"stripe-ideal-icon stripe-icon\" alt=\"iDEAL\" \/><\/label>\n\t\t\t\t\t\t\t\t\t<div class=\"payment_box payment_method_stripe_ideal\">\n\t\t\t\t\t\t<p>iDEAL is a Netherlands-based payment method that allows customers to complete transactions online using their bank credentials.<\/p>\n\t\t\t\t\t<\/div>\n\t\t\t\t\t\t\t<\/li>\n\t\t\t\t\t<li class=\"payment_method_stripe_p24\">\n\t\t\t\t<label>Przelewy24<img decoding=\"async\" src=\"https:\/\/greenbuzznutrients.com\/de\/wp-content\/plugins\/woocommerce-gateway-stripe\/assets\/images\/p24.svg\" class=\"stripe-p24-icon stripe-icon\" alt=\"P24\" \/><\/label>\n\t\t\t\t\t\t\t\t\t<div class=\"payment_box payment_method_stripe_p24\">\n\t\t\t\t\t\t<p>Przelewy24 is a Poland-based payment method aggregator that allows customers to complete transactions online using bank transfers and other methods.<\/p>\n\t\t\t\t\t<\/div>\n\t\t\t\t\t\t\t<\/li>\n\t\t\t\t\t<li class=\"payment_method_stripe_link\">\n\t\t\t\t<label>Link<\/label>\n\t\t\t\t\t\t\t\t\t<div class=\"payment_box payment_method_stripe_link\">\n\t\t\t\t\t\t<p>Link is a payment method that allows customers to save payment information  and use the payment details\n\t\t\tfor further payments.<\/p>\n\t\t\t\t\t<\/div>\n\t\t\t\t\t\t\t<\/li>\n\t\t\t\t\t<li class=\"payment_method_stripe_multibanco\">\n\t\t\t\t<label>Multibanco<img decoding=\"async\" src=\"https:\/\/greenbuzznutrients.com\/de\/wp-content\/plugins\/woocommerce-gateway-stripe\/assets\/images\/multibanco.svg\" class=\"stripe-multibanco-icon stripe-icon\" alt=\"Multibanco\" \/><\/label>\n\t\t\t\t\t\t\t\t\t<div class=\"payment_box payment_method_stripe_multibanco\">\n\t\t\t\t\t\t<p>Du wirst zu Multibanco weitergeleitet.<\/p>\n\t\t\t\t\t<\/div>\n\t\t\t\t\t\t\t<\/li>\n\t\t\t<\/ul>\n<\/div>\n\n\n\n<p>Wir Liefern bereits ab einem Mindestbestellwert von 75 \u20ac, weltweit mit UPS und DHL direkt ab Werk. Versandausgang erfolgt immer am darauf folgenden Montag, Dienstag, Donnerstag oder Freitag. <\/p>\n\n\n\n<p><strong> -> WICHTIGER HINWEI\u00df: AKTUELL WERDEN BESTELLUNGEN, WELCHE \u00dcBER DEN ZAHLUNSGDIENSTLEISTER PAYPAL ERFOLGEN, LEIDER SYSTEMINTERN BEDINGT AUTOMATISCH STORNIERT WERDEN, BEVOR SIE WIEDER MANUELL DURCH UNS FREIGESCHALTEN UND ERFOLGREICH BEARBEITET WERDEN. WIR HABEN EURE ZAHLUNG ALSO ERHALTEN UND DIE BESTELLUNG VERL\u00c4SST UMGEHEND UNSER WERK. <\/strong><\/p>\n\n\n\n<p><strong>Generelle Informationen zur Bestellung:<\/strong><\/p>\n\n\n\n<p>Die Aktualisierung Online kann l\u00e4nger als der tats\u00e4chliche Versandausgang dauern, da diese Vorg\u00e4nge manuell best\u00e4tigt werden m\u00fcssen. Der Versand erfolgt generell immer am n\u00e4chstm\u00f6glichen Versandtag nach dem Zahlungseingang.<\/p>\n\n\n\n<p>F\u00fcr kleinere Anschaffungen, ist der Bezug unserer Produkte am einfachsten \u00fcber den Fachhandel, welcher in jeder Postleitzahl mit den f\u00fchrenden 2 Ziffern in Deutschland mindestens 1x in dieser vertreten ist, m\u00f6glich.<\/p>\n\n\n\n<p>Wir bieten euch auch Montags, Dienstags, Donnerstags &amp; Freitags nach vorheriger Absprache einen Werksverkauf in Worms mit 10% Rabatt, bei Zahlung mit Bar, Karte oder alternativ mit allen auf Binance handelbaren Kryptow\u00e4hrungen an.<\/p>\n\n\n\n<p>Bitte beachtet dass der Werksverkauf generell nur nach vorheriger Anmeldung per E-Mail oder unter der 06241 &#8211; 4824 961 m\u00f6glich ist.<\/p>\n\n\n\n<p>In unserer interaktiven Google Maps Karte sind alle offiziellen Verkaufsstellen aufrufbar:<\/p>\n","protected":false},"excerpt":{"rendered":"<p>Wir Liefern bereits ab einem Mindestbestellwert von 75 \u20ac, weltweit mit UPS und DHL direkt ab Werk. Versandausgang erfolgt immer am darauf folgenden Montag, Dienstag, Donnerstag oder Freitag. -> WICHTIGER HINWEI\u00df: AKTUELL WERDEN BESTELLUNGEN, WELCHE \u00dcBER DEN ZAHLUNSGDIENSTLEISTER PAYPAL ERFOLGEN, LEIDER SYSTEMINTERN BEDINGT AUTOMATISCH STORNIERT WERDEN, BEVOR SIE WIEDER MANUELL DURCH UNS FREIGESCHALTEN UND ERFOLGREICH [&hellip;]<\/p>\n","protected":false},"author":1,"featured_media":0,"parent":0,"menu_order":0,"comment_status":"closed","ping_status":"closed","template":"","meta":{"footnotes":""},"_links":{"self":[{"href":"https:\/\/greenbuzznutrients.com\/de\/wp-json\/wp\/v2\/pages\/19"}],"collection":[{"href":"https:\/\/greenbuzznutrients.com\/de\/wp-json\/wp\/v2\/pages"}],"about":[{"href":"https:\/\/greenbuzznutrients.com\/de\/wp-json\/wp\/v2\/types\/page"}],"author":[{"embeddable":true,"href":"https:\/\/greenbuzznutrients.com\/de\/wp-json\/wp\/v2\/users\/1"}],"replies":[{"embeddable":true,"href":"https:\/\/greenbuzznutrients.com\/de\/wp-json\/wp\/v2\/comments?post=19"}],"version-history":[{"count":29,"href":"https:\/\/greenbuzznutrients.com\/de\/wp-json\/wp\/v2\/pages\/19\/revisions"}],"predecessor-version":[{"id":2378,"href":"https:\/\/greenbuzznutrients.com\/de\/wp-json\/wp\/v2\/pages\/19\/revisions\/2378"}],"wp:attachment":[{"href":"https:\/\/greenbuzznutrients.com\/de\/wp-json\/wp\/v2\/media?parent=19"}],"curies":[{"name":"wp","href":"https:\/\/api.w.org\/{rel}","templated":true}]}}