{"id":21,"date":"2020-02-12T16:48:02","date_gmt":"2020-02-12T15:48:02","guid":{"rendered":"https:\/\/greenbuzznutrients.com\/de\/?page_id=21"},"modified":"2024-10-07T08:51:08","modified_gmt":"2024-10-07T06:51:08","slug":"versandarten","status":"publish","type":"page","link":"https:\/\/greenbuzznutrients.com\/de\/versandarten\/","title":{"rendered":"Versandarten"},"content":{"rendered":"\n<div style=\"height:20px\" aria-hidden=\"true\" class=\"wp-block-spacer\"><\/div>\n\n\n\n<p>Wir versenden weltweit ab einem Mindestbestellwert von 100 \u20ac mit einer einmalig anfallenden Versandkostenpauschale.<\/p>\n\n\n\n<p><br>F\u00fcr den Versand nach Deutschland werden euch einmalig 6,95 \u20ac in Rechnung gestellt, ganz egal wie gro\u00df eure Bestellung ausf\u00e4llt und ob ihr eure Bestellungen hierdurch in mehreren Sendungen von uns erhaltet.<\/p>\n\n\n\n<p>Sollte eure Lieferung au\u00dferhalb von Deutschland liegen, so werden euch die entsprechend einmalig anfallenden Versandkostenpauschale vorher nochmals angezeigt, solltet ihr dabei jedoch euren Wohn- bzw. Lieferort au\u00dferhalb der Europ\u00e4ischen Union, bzw. Schweiz und Gro\u00dfbritannien sein, so ist eine Bestellaufgabe nur \u00fcber unsere englischsprachige Website m\u00f6glich.<\/p>\n\n\n\n<p>Wir versenden innerhalb Deutschlands generell nur noch mit UPS. <\/p>\n\n\n\n<p>In Ausnahmef\u00e4llen kann in ausserdeutsche L\u00e4nder auch ein Versand \u00fcber DHL erfolgen. <\/p>\n\n\n\n<p>In Deutschland ist ein Versand per DHL aufgrund der unversch\u00e4mt hohen Versandkosten von knapp 20 \u20ac je Sendung \u00fcber 10kg leider seit dem 01.04.2020 ein Versand \u00fcber diesen, nicht mehr m\u00f6glich.<\/p>\n\n\n\n<p>Eure Bestellung verl\u00e4sst bei Zahlung mit PayPal, Kreditkarte, Apple Pay, Google Pay oder Giropay umgehend das Werk, bei allen anderen gew\u00e4hlten Zahlunsgwegen nach erfolgreicher Gutschrift auf dem Konto.<\/p>\n\n\n\n<p><\/p>\n\n\n\n<div style=\"height:20px\" aria-hidden=\"true\" class=\"wp-block-spacer\"><\/div>\n","protected":false},"excerpt":{"rendered":"<p>Wir versenden weltweit ab einem Mindestbestellwert von 100 \u20ac mit einer einmalig anfallenden Versandkostenpauschale. F\u00fcr den Versand nach Deutschland werden euch einmalig 6,95 \u20ac in Rechnung gestellt, ganz egal wie gro\u00df eure Bestellung ausf\u00e4llt und ob ihr eure Bestellungen hierdurch in mehreren Sendungen von uns erhaltet. Sollte eure Lieferung au\u00dferhalb von Deutschland liegen, so werden [&hellip;]<\/p>\n","protected":false},"author":1,"featured_media":0,"parent":0,"menu_order":0,"comment_status":"closed","ping_status":"closed","template":"","meta":{"footnotes":""},"_links":{"self":[{"href":"https:\/\/greenbuzznutrients.com\/de\/wp-json\/wp\/v2\/pages\/21"}],"collection":[{"href":"https:\/\/greenbuzznutrients.com\/de\/wp-json\/wp\/v2\/pages"}],"about":[{"href":"https:\/\/greenbuzznutrients.com\/de\/wp-json\/wp\/v2\/types\/page"}],"author":[{"embeddable":true,"href":"https:\/\/greenbuzznutrients.com\/de\/wp-json\/wp\/v2\/users\/1"}],"replies":[{"embeddable":true,"href":"https:\/\/greenbuzznutrients.com\/de\/wp-json\/wp\/v2\/comments?post=21"}],"version-history":[{"count":12,"href":"https:\/\/greenbuzznutrients.com\/de\/wp-json\/wp\/v2\/pages\/21\/revisions"}],"predecessor-version":[{"id":2375,"href":"https:\/\/greenbuzznutrients.com\/de\/wp-json\/wp\/v2\/pages\/21\/revisions\/2375"}],"wp:attachment":[{"href":"https:\/\/greenbuzznutrients.com\/de\/wp-json\/wp\/v2\/media?parent=21"}],"curies":[{"name":"wp","href":"https:\/\/api.w.org\/{rel}","templated":true}]}}