{"id":8,"date":"2020-02-12T16:45:00","date_gmt":"2020-02-12T15:45:00","guid":{"rendered":"https:\/\/greenbuzznutrients.com\/de\/warenkorb\/"},"modified":"2024-08-22T07:15:59","modified_gmt":"2024-08-22T05:15:59","slug":"warenkorb","status":"publish","type":"page","link":"https:\/\/greenbuzznutrients.com\/de\/warenkorb\/","title":{"rendered":"Warenkorb"},"content":{"rendered":"\n<p>Hast Du Dir unsere aktuellen Bestellhinwei\u00dfe, Versand- &amp; Lieferzeiten auf unserer Shop Seite <a href=\"https:\/\/greenbuzznutrients.com\/de\/shop\" data-type=\"link\" data-id=\"https:\/\/greenbuzznutrients.com\/de\/shop\">hier<\/a> durch gelesen? Falls nicht m\u00f6chten wir Dich bitten, dir vor dem Bestellabschluss noch alle relvanten Infos zu Deiner Bestellung hier\u00fcber zu holen. Keine Sorge &#8211; Deine ausgew\u00e4hlten Produkte verbleiben beim verlassen dieser Seite derweil im Warenkorb.<\/p>\n\n\n\n\n\n\n<p><\/p>\n","protected":false},"excerpt":{"rendered":"<p>Hast Du Dir unsere aktuellen Bestellhinwei\u00dfe, Versand- &amp; Lieferzeiten auf unserer Shop Seite hier durch gelesen? Falls nicht m\u00f6chten wir Dich bitten, dir vor dem Bestellabschluss noch alle relvanten Infos zu Deiner Bestellung hier\u00fcber zu holen. Keine Sorge &#8211; Deine ausgew\u00e4hlten Produkte verbleiben beim verlassen dieser Seite derweil im Warenkorb.<\/p>\n","protected":false},"author":1,"featured_media":0,"parent":0,"menu_order":0,"comment_status":"closed","ping_status":"closed","template":"","meta":{"footnotes":""},"_links":{"self":[{"href":"https:\/\/greenbuzznutrients.com\/de\/wp-json\/wp\/v2\/pages\/8"}],"collection":[{"href":"https:\/\/greenbuzznutrients.com\/de\/wp-json\/wp\/v2\/pages"}],"about":[{"href":"https:\/\/greenbuzznutrients.com\/de\/wp-json\/wp\/v2\/types\/page"}],"author":[{"embeddable":true,"href":"https:\/\/greenbuzznutrients.com\/de\/wp-json\/wp\/v2\/users\/1"}],"replies":[{"embeddable":true,"href":"https:\/\/greenbuzznutrients.com\/de\/wp-json\/wp\/v2\/comments?post=8"}],"version-history":[{"count":3,"href":"https:\/\/greenbuzznutrients.com\/de\/wp-json\/wp\/v2\/pages\/8\/revisions"}],"predecessor-version":[{"id":2255,"href":"https:\/\/greenbuzznutrients.com\/de\/wp-json\/wp\/v2\/pages\/8\/revisions\/2255"}],"wp:attachment":[{"href":"https:\/\/greenbuzznutrients.com\/de\/wp-json\/wp\/v2\/media?parent=8"}],"curies":[{"name":"wp","href":"https:\/\/api.w.org\/{rel}","templated":true}]}}