{"id":1942,"date":"2024-04-09T10:30:11","date_gmt":"2024-04-09T08:30:11","guid":{"rendered":"https:\/\/greenbuzznutrients.com\/de\/?post_type=product&#038;p=1942"},"modified":"2025-03-18T11:36:48","modified_gmt":"2025-03-18T10:36:48","slug":"kanister-starterset-profi-zuchtschema","status":"publish","type":"product","link":"https:\/\/greenbuzznutrients.com\/de\/product\/kanister-starterset-profi-zuchtschema\/","title":{"rendered":"5 L Kanister Starterset &#8211; Profi Zuchtschema"},"content":{"rendered":"<div id='gallery-1' class='gallery galleryid-1942 gallery-columns-3 gallery-size-thumbnail'><figure class='gallery-item'>\n\t\t\t<div class='gallery-icon portrait'>\n\t\t\t\t<a href='https:\/\/greenbuzznutrients.com\/de\/?attachment_id=1943'><img loading=\"lazy\" decoding=\"async\" width=\"150\" height=\"150\" src=\"https:\/\/greenbuzznutrients.com\/de\/wp-content\/uploads\/sites\/5\/2024\/04\/Humin-Saeure-Plus-5.000-ml-150x150.jpg\" class=\"attachment-thumbnail size-thumbnail\" alt=\"\" srcset=\"https:\/\/greenbuzznutrients.com\/de\/wp-content\/uploads\/sites\/5\/2024\/04\/Humin-Saeure-Plus-5.000-ml-150x150.jpg 150w, https:\/\/greenbuzznutrients.com\/de\/wp-content\/uploads\/sites\/5\/2024\/04\/Humin-Saeure-Plus-5.000-ml-100x100.jpg 100w\" sizes=\"(max-width: 150px) 100vw, 150px\" \/><\/a>\n\t\t\t<\/div><\/figure><figure class='gallery-item'>\n\t\t\t<div class='gallery-icon portrait'>\n\t\t\t\t<a href='https:\/\/greenbuzznutrients.com\/de\/?attachment_id=1944'><img loading=\"lazy\" decoding=\"async\" width=\"150\" height=\"150\" src=\"https:\/\/greenbuzznutrients.com\/de\/wp-content\/uploads\/sites\/5\/2024\/04\/Fast-Buds-5.000-ml-150x150.jpg\" class=\"attachment-thumbnail size-thumbnail\" alt=\"\" srcset=\"https:\/\/greenbuzznutrients.com\/de\/wp-content\/uploads\/sites\/5\/2024\/04\/Fast-Buds-5.000-ml-150x150.jpg 150w, https:\/\/greenbuzznutrients.com\/de\/wp-content\/uploads\/sites\/5\/2024\/04\/Fast-Buds-5.000-ml-100x100.jpg 100w\" sizes=\"(max-width: 150px) 100vw, 150px\" \/><\/a>\n\t\t\t<\/div><\/figure><figure class='gallery-item'>\n\t\t\t<div class='gallery-icon portrait'>\n\t\t\t\t<a href='https:\/\/greenbuzznutrients.com\/de\/?attachment_id=1945'><img loading=\"lazy\" decoding=\"async\" width=\"150\" height=\"150\" src=\"https:\/\/greenbuzznutrients.com\/de\/wp-content\/uploads\/sites\/5\/2024\/04\/More-Roots-STANDARD-5.000-ml-150x150.jpg\" class=\"attachment-thumbnail size-thumbnail\" alt=\"\" srcset=\"https:\/\/greenbuzznutrients.com\/de\/wp-content\/uploads\/sites\/5\/2024\/04\/More-Roots-STANDARD-5.000-ml-150x150.jpg 150w, https:\/\/greenbuzznutrients.com\/de\/wp-content\/uploads\/sites\/5\/2024\/04\/More-Roots-STANDARD-5.000-ml-100x100.jpg 100w\" sizes=\"(max-width: 150px) 100vw, 150px\" \/><\/a>\n\t\t\t<\/div><\/figure><figure class='gallery-item'>\n\t\t\t<div class='gallery-icon portrait'>\n\t\t\t\t<a href='https:\/\/greenbuzznutrients.com\/de\/?attachment_id=1946'><img loading=\"lazy\" decoding=\"async\" width=\"150\" height=\"150\" src=\"https:\/\/greenbuzznutrients.com\/de\/wp-content\/uploads\/sites\/5\/2024\/04\/Big-Fruits-STANDARD-5.000-ml-150x150.jpg\" class=\"attachment-thumbnail size-thumbnail\" alt=\"\" srcset=\"https:\/\/greenbuzznutrients.com\/de\/wp-content\/uploads\/sites\/5\/2024\/04\/Big-Fruits-STANDARD-5.000-ml-150x150.jpg 150w, https:\/\/greenbuzznutrients.com\/de\/wp-content\/uploads\/sites\/5\/2024\/04\/Big-Fruits-STANDARD-5.000-ml-100x100.jpg 100w\" sizes=\"(max-width: 150px) 100vw, 150px\" \/><\/a>\n\t\t\t<\/div><\/figure><figure class='gallery-item'>\n\t\t\t<div class='gallery-icon portrait'>\n\t\t\t\t<a href='https:\/\/greenbuzznutrients.com\/de\/?attachment_id=1947'><img loading=\"lazy\" decoding=\"async\" width=\"150\" height=\"150\" src=\"https:\/\/greenbuzznutrients.com\/de\/wp-content\/uploads\/sites\/5\/2024\/04\/Clean-Fruits-5.000-ml-150x150.jpg\" class=\"attachment-thumbnail size-thumbnail\" alt=\"\" srcset=\"https:\/\/greenbuzznutrients.com\/de\/wp-content\/uploads\/sites\/5\/2024\/04\/Clean-Fruits-5.000-ml-150x150.jpg 150w, https:\/\/greenbuzznutrients.com\/de\/wp-content\/uploads\/sites\/5\/2024\/04\/Clean-Fruits-5.000-ml-100x100.jpg 100w\" sizes=\"(max-width: 150px) 100vw, 150px\" \/><\/a>\n\t\t\t<\/div><\/figure><figure class='gallery-item'>\n\t\t\t<div class='gallery-icon portrait'>\n\t\t\t\t<a href='https:\/\/greenbuzznutrients.com\/de\/?attachment_id=1948'><img loading=\"lazy\" decoding=\"async\" width=\"150\" height=\"150\" src=\"https:\/\/greenbuzznutrients.com\/de\/wp-content\/uploads\/sites\/5\/2024\/04\/Organic-Grow-Liquid-5.000-ml-etwas-heller-150x150.jpg\" class=\"attachment-thumbnail size-thumbnail\" alt=\"\" srcset=\"https:\/\/greenbuzznutrients.com\/de\/wp-content\/uploads\/sites\/5\/2024\/04\/Organic-Grow-Liquid-5.000-ml-etwas-heller-150x150.jpg 150w, https:\/\/greenbuzznutrients.com\/de\/wp-content\/uploads\/sites\/5\/2024\/04\/Organic-Grow-Liquid-5.000-ml-etwas-heller-100x100.jpg 100w\" sizes=\"(max-width: 150px) 100vw, 150px\" \/><\/a>\n\t\t\t<\/div><\/figure><figure class='gallery-item'>\n\t\t\t<div class='gallery-icon portrait'>\n\t\t\t\t<a href='https:\/\/greenbuzznutrients.com\/de\/?attachment_id=1949'><img loading=\"lazy\" decoding=\"async\" width=\"150\" height=\"150\" src=\"https:\/\/greenbuzznutrients.com\/de\/wp-content\/uploads\/sites\/5\/2024\/04\/Organic-Bloom-Liquid-5.000-ml-etwas-heller-150x150.jpg\" class=\"attachment-thumbnail size-thumbnail\" alt=\"\" srcset=\"https:\/\/greenbuzznutrients.com\/de\/wp-content\/uploads\/sites\/5\/2024\/04\/Organic-Bloom-Liquid-5.000-ml-etwas-heller-150x150.jpg 150w, https:\/\/greenbuzznutrients.com\/de\/wp-content\/uploads\/sites\/5\/2024\/04\/Organic-Bloom-Liquid-5.000-ml-etwas-heller-100x100.jpg 100w\" sizes=\"(max-width: 150px) 100vw, 150px\" \/><\/a>\n\t\t\t<\/div><\/figure><figure class='gallery-item'>\n\t\t\t<div class='gallery-icon landscape'>\n\t\t\t\t<a href='https:\/\/greenbuzznutrients.com\/de\/?attachment_id=1950'><img loading=\"lazy\" decoding=\"async\" width=\"150\" height=\"150\" src=\"https:\/\/greenbuzznutrients.com\/de\/wp-content\/uploads\/sites\/5\/2024\/04\/Organic-More-PK-5.000-ml-150x150.jpg\" class=\"attachment-thumbnail size-thumbnail\" alt=\"\" srcset=\"https:\/\/greenbuzznutrients.com\/de\/wp-content\/uploads\/sites\/5\/2024\/04\/Organic-More-PK-5.000-ml-150x150.jpg 150w, https:\/\/greenbuzznutrients.com\/de\/wp-content\/uploads\/sites\/5\/2024\/04\/Organic-More-PK-5.000-ml-100x100.jpg 100w\" sizes=\"(max-width: 150px) 100vw, 150px\" \/><\/a>\n\t\t\t<\/div><\/figure><figure class='gallery-item'>\n\t\t\t<div class='gallery-icon landscape'>\n\t\t\t\t<a href='https:\/\/greenbuzznutrients.com\/de\/?attachment_id=1951'><img loading=\"lazy\" decoding=\"async\" width=\"150\" height=\"150\" src=\"https:\/\/greenbuzznutrients.com\/de\/wp-content\/uploads\/sites\/5\/2024\/04\/Growzyme_5L_VK_DE_26_02_2020-150x150.jpg\" class=\"attachment-thumbnail size-thumbnail\" alt=\"\" srcset=\"https:\/\/greenbuzznutrients.com\/de\/wp-content\/uploads\/sites\/5\/2024\/04\/Growzyme_5L_VK_DE_26_02_2020-150x150.jpg 150w, https:\/\/greenbuzznutrients.com\/de\/wp-content\/uploads\/sites\/5\/2024\/04\/Growzyme_5L_VK_DE_26_02_2020-100x100.jpg 100w\" sizes=\"(max-width: 150px) 100vw, 150px\" \/><\/a>\n\t\t\t<\/div><\/figure><figure class='gallery-item'>\n\t\t\t<div class='gallery-icon landscape'>\n\t\t\t\t<a href='https:\/\/greenbuzznutrients.com\/de\/?attachment_id=1952'><img loading=\"lazy\" decoding=\"async\" width=\"150\" height=\"150\" src=\"https:\/\/greenbuzznutrients.com\/de\/wp-content\/uploads\/sites\/5\/2024\/04\/Organic_CalMag_5L_VK_DE_26_02_2020-150x150.jpg\" class=\"attachment-thumbnail size-thumbnail\" alt=\"\" srcset=\"https:\/\/greenbuzznutrients.com\/de\/wp-content\/uploads\/sites\/5\/2024\/04\/Organic_CalMag_5L_VK_DE_26_02_2020-150x150.jpg 150w, https:\/\/greenbuzznutrients.com\/de\/wp-content\/uploads\/sites\/5\/2024\/04\/Organic_CalMag_5L_VK_DE_26_02_2020-100x100.jpg 100w\" sizes=\"(max-width: 150px) 100vw, 150px\" \/><\/a>\n\t\t\t<\/div><\/figure>\n\t\t<\/div>\n\n<p>Unser Kanister Starterset enth\u00e4lt mit Ausnahme unseres pH- Pulvers und Living Organics, alle Produkte welche zum erfolgreichen Anbau nach unserem Profi Zuchtschema ben\u00f6tigt werden, wie folgt:<\/p>\n<ol>\n<li>5 L Humin S\u00e4ure Plus<\/li>\n<li>5 L Fast Buds<\/li>\n<li>5 L More Roots<\/li>\n<li>5 L Big Fruits<\/li>\n<li>5 L Clean Fruits<\/li>\n<li>5 L Organic Grow Liquid<\/li>\n<li>5 L Organic Bloom Liquid<\/li>\n<li>5 L Organic More PK<\/li>\n<li>5 L Growzyme<\/li>\n<li>5 L Organic CalMag<\/li>\n<\/ol>\n<p>Sichere Dir mit unserem Kanister Angebot \u00fcber 10 % Rabatt und w\u00e4hle anschlie\u00dfend die Versandart &#8222;gratis Versand&#8220; aus.<\/p>\n<p>Mit Deiner Bestellung erh\u00e4ltst du 10 praktische Kanisterauslassh\u00e4hne und einen Kanisterschl\u00fcssel.<\/p>\n","protected":false},"excerpt":{"rendered":"<p>Unser Kanister Starterset enth\u00e4lt mit Ausnahme unseres pH- Pulvers und Living Organics, alle Produkte welche zum erfolgreichen Anbau nach unserem Profi Zuchtschema ben\u00f6tigt werden, wie folgt: 5 L Humin S\u00e4ure Plus 5 L Fast Buds 5 L More Roots 5 L Big Fruits 5 L Clean Fruits 5 L Organic Grow Liquid 5 L Organic [&hellip;]<\/p>\n","protected":false},"featured_media":0,"template":"","meta":[],"product_cat":[15,88,90,33,89,34],"product_tag":[],"_links":{"self":[{"href":"https:\/\/greenbuzznutrients.com\/de\/wp-json\/wp\/v2\/product\/1942"}],"collection":[{"href":"https:\/\/greenbuzznutrients.com\/de\/wp-json\/wp\/v2\/product"}],"about":[{"href":"https:\/\/greenbuzznutrients.com\/de\/wp-json\/wp\/v2\/types\/product"}],"wp:attachment":[{"href":"https:\/\/greenbuzznutrients.com\/de\/wp-json\/wp\/v2\/media?parent=1942"}],"wp:term":[{"taxonomy":"product_cat","embeddable":true,"href":"https:\/\/greenbuzznutrients.com\/de\/wp-json\/wp\/v2\/product_cat?post=1942"},{"taxonomy":"product_tag","embeddable":true,"href":"https:\/\/greenbuzznutrients.com\/de\/wp-json\/wp\/v2\/product_tag?post=1942"}],"curies":[{"name":"wp","href":"https:\/\/api.w.org\/{rel}","templated":true}]}}