{"id":208,"date":"2020-03-03T17:16:51","date_gmt":"2020-03-03T16:16:51","guid":{"rendered":"https:\/\/greenbuzznutrients.com\/de\/product\/humic-acid-plus\/"},"modified":"2020-05-27T17:33:31","modified_gmt":"2020-05-27T15:33:31","slug":"humin-saeure-plus","status":"publish","type":"product","link":"https:\/\/greenbuzznutrients.com\/de\/product\/humin-saeure-plus\/","title":{"rendered":"Humin S\u00e4ure Plus"},"content":{"rendered":"<p><strong>Der Bodenhilfsstoff f\u00fcr ein aktiveres Bodenleben in allen Kultursubstraten<\/strong><\/p>\n<p><strong>Mit Humin S\u00e4ure Plus:<\/strong><\/p>\n<ul>\n<li>profitieren die Pflanzen von einer h\u00f6heren Effizienz der D\u00fcngemittel und damit einer verringerten Auswaschung von N\u00e4hrstoffen<\/li>\n<li>haben die Pflanzen aufgrund einer h\u00f6heren Zellstabilit\u00e4t und Zellgr\u00f6\u00dfe in den einzelnen Pflanzenteilen einen deutlich h\u00f6heren N\u00e4hrstoffbedarf<\/li>\n<li>erh\u00f6ht sich die Biomasseproduktion aufgrund der enthaltenen Mikroorganismen \u2013 dies bewirkt einen h\u00f6heren Ertrag, eine gesteigerte Qualit\u00e4t und einen verbesserten Geschmack<\/li>\n<\/ul>\n<p><strong>Humin S\u00e4ure Plus bietet viele Vorteile:<\/strong><\/p>\n<ul>\n<li>verbessert generell die Bodenstruktur und die Wasseraufnahmekapazit\u00e4t der Pflanzen<\/li>\n<li>erh\u00f6ht die Permeabilit\u00e4t der Zellmembranen der Wurzeln sowie die N\u00e4hrstoffaufnahme<\/li>\n<li>regt die Produktion von pflanzeneigenen Enzymen an<\/li>\n<li>verz\u00f6gert den Abbau UV-instabiler Wirkstoffe wie Vitamine und Eisen<\/li>\n<\/ul>\n<p><strong>Anwendung:<\/strong><\/p>\n<p>Humin S\u00e4ure Plus kann w\u00e4hrend der gesamten Lebensphase der Pflanze in s\u00e4mtlichen Kultursubstraten angewendet werden.<\/p>\n<p><strong>Bei S\u00e4mlingen und Stecklingen:<\/strong><\/p>\n<ul>\n<li>5 ml pro 1 Liter Wasser<br \/>\nDas Pflanzsubstrat vor dem Einsetzen der S\u00e4mlinge\/Stecklinge gut mit der L\u00f6sung weichen, \u00fcbersch\u00fcssiges Wasser danach entfernen. Steinwolle wieder leicht ausdr\u00fccken, damit das \u00fcbersch\u00fcssige Wasser entweichen kann. Kann problemlos mit allen anderen Ablegergels und -pulvern sowie mit anderen N\u00e4hrstoffe verwendet werden.<\/li>\n<\/ul>\n<p><strong>In allen anderen Lebensphasen:<\/strong><\/p>\n<ul>\n<li>2-5 ml pro 1 Liter Wasser<br \/>\nDa Humin S\u00e4ure Plus ein nat\u00fcrliches Pflanzenhilfsmittel ist, kann es bedenkenlos ohne \u00dcberd\u00fcngungs- oder \u00dcbers\u00e4ttingungserscheinungen bei jedem Gie\u00dfvorgang angewendet werden.<\/li>\n<\/ul>\n<p><strong>Als Geschmacksverst\u00e4rker:<\/strong><\/p>\n<ul>\n<li>5 ml pro 1 Liter Wasser<br \/>\nweiterhin regelm\u00e4\u00dfig nach dem Sp\u00fclvorgang bis zur Ernte anwenden.<\/li>\n<\/ul>\n<p>F\u00fcr optimale Ergebnisse empfehlen wir Humin S\u00e4ure Plus zusammen mit unserem Produkt Growzyme anzuwenden.<\/p>\n","protected":false},"excerpt":{"rendered":"<p><b>Der Bodenhilfsstoff f\u00fcr ein aktiveres Bodenleben in allen Kultursubstraten<\/b><\/p>\n<p><strong>\u00a0<\/strong><\/p>\n","protected":false},"featured_media":207,"template":"","meta":[],"product_cat":[88,89],"product_tag":[],"_links":{"self":[{"href":"https:\/\/greenbuzznutrients.com\/de\/wp-json\/wp\/v2\/product\/208"}],"collection":[{"href":"https:\/\/greenbuzznutrients.com\/de\/wp-json\/wp\/v2\/product"}],"about":[{"href":"https:\/\/greenbuzznutrients.com\/de\/wp-json\/wp\/v2\/types\/product"}],"wp:featuredmedia":[{"embeddable":true,"href":"https:\/\/greenbuzznutrients.com\/de\/wp-json\/wp\/v2\/media\/207"}],"wp:attachment":[{"href":"https:\/\/greenbuzznutrients.com\/de\/wp-json\/wp\/v2\/media?parent=208"}],"wp:term":[{"taxonomy":"product_cat","embeddable":true,"href":"https:\/\/greenbuzznutrients.com\/de\/wp-json\/wp\/v2\/product_cat?post=208"},{"taxonomy":"product_tag","embeddable":true,"href":"https:\/\/greenbuzznutrients.com\/de\/wp-json\/wp\/v2\/product_tag?post=208"}],"curies":[{"name":"wp","href":"https:\/\/api.w.org\/{rel}","templated":true}]}}