{"id":210,"date":"2020-03-03T17:16:55","date_gmt":"2020-03-03T16:16:55","guid":{"rendered":"https:\/\/greenbuzznutrients.com\/de\/product\/fast-buds\/"},"modified":"2020-05-27T17:33:31","modified_gmt":"2020-05-27T15:33:31","slug":"fast-buds","status":"publish","type":"product","link":"https:\/\/greenbuzznutrients.com\/de\/product\/fast-buds\/","title":{"rendered":"Fast Buds"},"content":{"rendered":"<p><strong>Das Pflanzenhi<\/strong>l<strong>fsmittel f\u00fcr eine schnellere und bessere Bl\u00fctenbildung<\/strong><\/p>\n<p>Ideal geeignet f\u00fcr die \u00dcbergangsphase bei verk\u00fcrzter Lichtphase<\/p>\n<p><strong>Mit Fast Buds<\/strong><\/p>\n<ul>\n<li>wird die \u00dcbergangsphase von der Wuchs- in die Bl\u00fctephase deutlich verk\u00fcrzt<\/li>\n<li>haben die Pflanzen einen schnelleren und \u00fcppigeren Fruchtansatz als Pflanzen, die nicht mit Fast Buds behandelt wurden<\/li>\n<li>liefern die Pflanzen deshalb einen h\u00f6heren Ertrag und haben einen besseren Geschmack<\/li>\n<li>Die Pflanzen beginnen somit schneller mit der eigentlichen Bl\u00fcte (nur noch 5-10 Tage anstatt 14-21 Tage) und haben deshalb in der selben genetisch vorprogrammierten Zeit eine effektiv l\u00e4ngere nutzbare Bl\u00fctephase.<\/li>\n<\/ul>\n<p><strong>Fast Buds bietet viele Vorteile:<\/strong><\/p>\n<ul>\n<li>bewirkt einen deutlich besseren und schnelleren Bl\u00fcteansatz der Pflanzen<\/li>\n<li>erh\u00f6ht die Hitzetoleranz der Pflanzen besonders im Sommer<\/li>\n<li>aktiviert das generelle Bodenleben in allen Kultursubstraten<\/li>\n<li>bindet unangenehme Ger\u00fcche<\/li>\n<li>beschleunigt den Umsatz von Kompostmaterial (Substratwiederaufbereitung)<\/li>\n<\/ul>\n<p><strong>Anwendung:<\/strong><\/p>\n<p>Fast Buds kann als Spray oder auch kombiniert mit allen anderen D\u00fcngemitteln \u00fcber die N\u00e4hrl\u00f6sung verwendet werden.<\/p>\n<p><strong>Als Blattspray in der \u00dcbergangsphase:<\/strong><\/p>\n<ul>\n<li>50 ml pro 1 Liter Wasser<br \/>\nDie Pflanzen am besten kurz bevor die D\u00e4mmerung eintritt vollfl\u00e4chig und tropfnass t\u00e4glich bis zum Fruchtansatz bespr\u00fchen. Bei Bl\u00fctebeginn absetzen.Angemischtes Spray innerhalb von max. 10 Tagen aufbrauchen!<\/li>\n<\/ul>\n<p><strong>F\u00fcr die \u00dcbergangsphase:<\/strong><\/p>\n<ul>\n<li>5 ml pro 1 Liter Wasser<br \/>\n10 Tage vor der Lichtreduktion das Substrat regelm\u00e4\u00dfig mit Fast Buds gie\u00dfen. Auch hier kurz nach Bl\u00fctebeginn absetzen, dann sind die pflanzeneigenen Hormone bereits erfolgreich stimuliert worden.<\/li>\n<\/ul>\n<p>F\u00fcr optimale Ergebnisse empfehlen wir unsere Zuchtschemen zu beachten. Erfahrene Anwender k\u00f6nnen direkt mit dem Profi Zuchtschema beginnen.<\/p>\n","protected":false},"excerpt":{"rendered":"<p><b>Das Pflanzenhilfsmittel f\u00fcr eine schnellere und bessere Bl\u00fctenbildung<\/b><\/p>\n<p><strong>\u00a0<\/strong><\/p>\n","protected":false},"featured_media":209,"template":"","meta":[],"product_cat":[90,89],"product_tag":[],"_links":{"self":[{"href":"https:\/\/greenbuzznutrients.com\/de\/wp-json\/wp\/v2\/product\/210"}],"collection":[{"href":"https:\/\/greenbuzznutrients.com\/de\/wp-json\/wp\/v2\/product"}],"about":[{"href":"https:\/\/greenbuzznutrients.com\/de\/wp-json\/wp\/v2\/types\/product"}],"wp:featuredmedia":[{"embeddable":true,"href":"https:\/\/greenbuzznutrients.com\/de\/wp-json\/wp\/v2\/media\/209"}],"wp:attachment":[{"href":"https:\/\/greenbuzznutrients.com\/de\/wp-json\/wp\/v2\/media?parent=210"}],"wp:term":[{"taxonomy":"product_cat","embeddable":true,"href":"https:\/\/greenbuzznutrients.com\/de\/wp-json\/wp\/v2\/product_cat?post=210"},{"taxonomy":"product_tag","embeddable":true,"href":"https:\/\/greenbuzznutrients.com\/de\/wp-json\/wp\/v2\/product_tag?post=210"}],"curies":[{"name":"wp","href":"https:\/\/api.w.org\/{rel}","templated":true}]}}