{"id":212,"date":"2020-03-03T17:16:59","date_gmt":"2020-03-03T16:16:59","guid":{"rendered":"https:\/\/greenbuzznutrients.com\/de\/product\/ph-powder\/"},"modified":"2020-05-27T17:33:31","modified_gmt":"2020-05-27T15:33:31","slug":"ph-pulver","status":"publish","type":"product","link":"https:\/\/greenbuzznutrients.com\/de\/product\/ph-pulver\/","title":{"rendered":"pH- Pulver"},"content":{"rendered":"<p><strong>Senkt den pH- Wert schnell und effektiv<\/strong><\/p>\n<p>Aus Respekt zur Natur: organische pH- Korrektur in Pulverform<\/p>\n<p><strong>Mit pH- Pulver:<\/strong><\/p>\n<ul>\n<li>wird der pH- Wert schnell gesenkt<\/li>\n<li>wird N\u00e4hrstoffblockaden vorgebeugt<\/li>\n<li>versorgt die Pflanzen mit zus\u00e4tzlichen N\u00e4hrstoffen wie Stickstoff, Phophor, Magnesium, Schwefel und hochwertigen Silicaten<\/li>\n<\/ul>\n<p><strong>Weitere Vorteile von pH- Pulver:<\/strong><\/p>\n<ul>\n<li>verhindert bei regelm\u00e4\u00dfiger Gabe zuverl\u00e4ssig, oftmals auftretente N\u00e4hrstoffblockaden und Mangelerscheinungen<\/li>\n<li>einfach in der Anwendung \u2013 kann w\u00e4hrend des gesamten Lebenszyklus der Pflanzen mit gleichbleibender Dosierung verwendet werden<\/li>\n<li>ist zu 100% organischer Herkunft und macht den Einsatz von Handels\u00fcblichen, schwer dosierbaren und gef\u00e4hrlichen S\u00e4uren \u00fcberfl\u00fcssig<\/li>\n<li>ungef\u00e4hrlich, da in Pulverform<\/li>\n<\/ul>\n<p><strong>Anwendung:<\/strong><\/p>\n<p><strong>Bitte beachten Sie dass diese Anwendungsempfehlung nur als Richtwert dient, da der Ausgangs pH Wert je nach regionaler Lage variieren kann<\/strong><\/p>\n<ul>\n<li>alle N\u00e4hrstoffe hinzuf\u00fcgen, den pH Wert messen<\/li>\n<li>ca. 1 Tee- bis 1 Essl\u00f6ffel<br \/>\n(entspricht ca. 1-2g.) reicht aus, um 5-10 L fertige Gie\u00dfl\u00f6sung auf einen optimalen pH Wert von 5,8-6,5 pH zu bringen, gut umr\u00fchren und den pH Wert erneut messen<\/li>\n<li>nun sollte der pH Wert im optimalen N\u00e4hrstoffverf\u00fcgbarkeitslevel zwischen 5,8 bis 6,5 sein<\/li>\n<li>falls notwendig, Dosis erh\u00f6hen, oder mit Wasser korrigieren<\/li>\n<\/ul>\n","protected":false},"excerpt":{"rendered":"<p><b>Senkt den pH- Wert schnell und effektiv<\/b><\/p>\n<p><strong>\u00a0<\/strong><\/p>\n","protected":false},"featured_media":211,"template":"","meta":[],"product_cat":[88,89],"product_tag":[],"_links":{"self":[{"href":"https:\/\/greenbuzznutrients.com\/de\/wp-json\/wp\/v2\/product\/212"}],"collection":[{"href":"https:\/\/greenbuzznutrients.com\/de\/wp-json\/wp\/v2\/product"}],"about":[{"href":"https:\/\/greenbuzznutrients.com\/de\/wp-json\/wp\/v2\/types\/product"}],"wp:featuredmedia":[{"embeddable":true,"href":"https:\/\/greenbuzznutrients.com\/de\/wp-json\/wp\/v2\/media\/211"}],"wp:attachment":[{"href":"https:\/\/greenbuzznutrients.com\/de\/wp-json\/wp\/v2\/media?parent=212"}],"wp:term":[{"taxonomy":"product_cat","embeddable":true,"href":"https:\/\/greenbuzznutrients.com\/de\/wp-json\/wp\/v2\/product_cat?post=212"},{"taxonomy":"product_tag","embeddable":true,"href":"https:\/\/greenbuzznutrients.com\/de\/wp-json\/wp\/v2\/product_tag?post=212"}],"curies":[{"name":"wp","href":"https:\/\/api.w.org\/{rel}","templated":true}]}}