{"id":214,"date":"2020-03-03T17:17:02","date_gmt":"2020-03-03T16:17:02","guid":{"rendered":"https:\/\/greenbuzznutrients.com\/de\/product\/more-roots\/"},"modified":"2020-05-27T17:33:31","modified_gmt":"2020-05-27T15:33:31","slug":"more-roots","status":"publish","type":"product","link":"https:\/\/greenbuzznutrients.com\/de\/product\/more-roots\/","title":{"rendered":"More Roots"},"content":{"rendered":"<p><strong>Das Pflanzenhilfsmittel f\u00fcr eine schnellere und bessere Wurzelentwicklung<\/strong><\/p>\n<p>Ideal geeignet f\u00fcr die regelm\u00e4\u00dfige Gabe vom Jungpflanzenstadium bis zum Beginn des Fruchtansatzes.<\/p>\n<p><strong>Mit More Roots:<\/strong><\/p>\n<ul>\n<li>wird die Wurzelentwicklung bei regelm\u00e4\u00dfiger Anwendung aufgrund der erh\u00f6hten Auxinproduktion in den Haarwurzeln um bis zu 150 \u2013 300 % gesteigert<\/li>\n<li>ist die N\u00e4hrstoffaufnahmef\u00e4higkeit und Vitalit\u00e4t der Pflanzen wegen der vermehrten Blatt- und Wurzelbildung deutlich verbessert<\/li>\n<li>sind die Pflanzen weniger anf\u00e4llig f\u00fcr Sch\u00e4dlingsbefall beispielsweise durch Blattl\u00e4use und Spinnmilben, weil More Roots nat\u00fcrlich vorkommende \u00e4therische \u00d6le enth\u00e4lt<\/li>\n<li>werden die Pflanzen vor Pilzinfektionen wie der Umfallkrankheit oder Mehltau sowie weiteren Krankheiten gesch\u00fctzt, da die \u00e4therischen \u00d6le einen immunisierenden Effekt auf die Pflanzen haben<\/li>\n<\/ul>\n<p><strong>More Roots bietet viele Vorteile:<\/strong><\/p>\n<ul>\n<li>bewirkt eine deutlich bessere und schnellere Wurzelausbildung der Pflanzen<\/li>\n<li>senkt die Gefahr von Wachstumsstopps, die bei zu kalten Temperaturen auftreten k\u00f6nnen<\/li>\n<\/ul>\n<p><strong>Anwendung:<\/strong><\/p>\n<p>More Roots wird mit allen weiteren erforderlichen Pflanzenhilfs- und D\u00fcngemitteln regelm\u00e4\u00dfig in der gesamten vegetativen Phase bis zum Fruchtansatz der Pflanzen bei jedem Gie\u00dfvorgang angewendet.<\/p>\n<p><strong>Zum Gie\u00dfen in der N\u00e4hrl\u00f6sung:<\/strong><\/p>\n<ul>\n<li>2-5 ml pro 1 Liter Wasser<br \/>\nDie Pflanzen regelm\u00e4\u00dfig damit gie\u00dfen. Bei Fruchtansatz More Roots einfach durch Big Fruits ersetzen. More Roots kann problemlos mit jedem anderen D\u00fcngemittel sowie in s\u00e4mtlichen Kultursubstraten angewendet werden.<\/li>\n<\/ul>\n","protected":false},"excerpt":{"rendered":"<p><b>Das Pflanzenhilfsmittel f\u00fcr eine schnellere und bessere Wurzelentwicklung<\/b><\/p>\n<p><strong>\u00a0<\/strong><\/p>\n","protected":false},"featured_media":213,"template":"","meta":[],"product_cat":[90,89],"product_tag":[],"_links":{"self":[{"href":"https:\/\/greenbuzznutrients.com\/de\/wp-json\/wp\/v2\/product\/214"}],"collection":[{"href":"https:\/\/greenbuzznutrients.com\/de\/wp-json\/wp\/v2\/product"}],"about":[{"href":"https:\/\/greenbuzznutrients.com\/de\/wp-json\/wp\/v2\/types\/product"}],"wp:featuredmedia":[{"embeddable":true,"href":"https:\/\/greenbuzznutrients.com\/de\/wp-json\/wp\/v2\/media\/213"}],"wp:attachment":[{"href":"https:\/\/greenbuzznutrients.com\/de\/wp-json\/wp\/v2\/media?parent=214"}],"wp:term":[{"taxonomy":"product_cat","embeddable":true,"href":"https:\/\/greenbuzznutrients.com\/de\/wp-json\/wp\/v2\/product_cat?post=214"},{"taxonomy":"product_tag","embeddable":true,"href":"https:\/\/greenbuzznutrients.com\/de\/wp-json\/wp\/v2\/product_tag?post=214"}],"curies":[{"name":"wp","href":"https:\/\/api.w.org\/{rel}","templated":true}]}}