{"id":237,"date":"2020-03-03T17:17:09","date_gmt":"2020-03-03T16:17:09","guid":{"rendered":"https:\/\/greenbuzznutrients.com\/de\/product\/big-fruits\/"},"modified":"2020-05-27T17:33:33","modified_gmt":"2020-05-27T15:33:33","slug":"big-fruits","status":"publish","type":"product","link":"https:\/\/greenbuzznutrients.com\/de\/product\/big-fruits\/","title":{"rendered":"Big Fruits"},"content":{"rendered":"<p><strong>Das Pflanzenhilfsmittel f\u00fcr eine bessere und kompaktere Fruchtbildung<\/strong><\/p>\n<p>Ideal geeignet f\u00fcr die regelm\u00e4\u00dfige Gabe vom Fruchtansatz ab beginnend, bis zum Ende der Bl\u00fctephase. Big Fruits enth\u00e4lt u.a. verschiedene hochwertige Aminos\u00e4uren, Frucht- und Obstextrakte, Kelp (ascophyllum nodosum) und weiterer f\u00fcr die Pflanzen n\u00fctzlichen Vitamine.<\/p>\n<p><strong>Mit Big Fruits:<\/strong><\/p>\n<ul>\n<li>wird die Bl\u00fctenbildung deutlich vermehrt<\/li>\n<li>aufgrund der vermehrten Auxinproduktion in den Knospenspitzen wird die Kompaktivit\u00e4t der Fr\u00fcchte erheblich gesteigert<\/li>\n<li>liefern die Pflanzen durch die vergr\u00f6\u00dferte Fruchtoberfl\u00e4che einen h\u00f6heren Ertrag, und die Fr\u00fcchte haben einen deutlich besseren Geschmack<\/li>\n<li>sind die Pflanzen weniger anf\u00e4llig f\u00fcr Sch\u00e4dlingsbefall, weil Big Fruits nat\u00fcrlich vorkommende \u00e4therische \u00d6le enth\u00e4lt und die Sch\u00e4dlinge dadurch erfolgreich vertrieben\u00a0werden<\/li>\n<\/ul>\n<p><strong>Big Fruits bietet viele Vorteile:<\/strong><\/p>\n<ul>\n<li>versorgt die Pflanzen noch bis zum Ende der Bl\u00fctephase mit geringen Mengen an Wurzelstimulator \u2013 die Wurzeln der Pflanzen wachsen ein Leben lang und sollten daher auch in der Bl\u00fctephase nicht vernachl\u00e4ssigt werden<\/li>\n<li>st\u00e4rkt die Zellstabilit\u00e4t und sorgt dadurch auch f\u00fcr kompaktere Fr\u00fcchte senkt die Gefahr von Hitzeschocks, die bei zu hohen Temperaturen ab 35 C\u00b0 auftreten k\u00f6nnen<\/li>\n<\/ul>\n<p><strong>Anwendung:<\/strong><\/p>\n<p>Big Fruits wird mit allen weiteren erforderlichen Pflanzenhilfs- und D\u00fcngemitteln regelm\u00e4\u00dfig, ab dem Fruchtansatz der Pflanzen bei jedem Gie\u00dfvorgang angewendet.<\/p>\n<p><strong>Zum Gie\u00dfen in der N\u00e4hrl\u00f6sung:<\/strong><\/p>\n<ul>\n<li>2-5 ml pro 1 Liter Wasser<br \/>\nDie Pflanzen regelm\u00e4\u00dfig damit gie\u00dfen. Big Fruits eine Woche vor dem Ende der Bl\u00fctephase absetzen und die Pflanzen nur noch mit pH- korrigiertem Wasser und Clean Fruits durchsp\u00fclen.<\/li>\n<\/ul>\n<p><strong>Als Geschmacksverst\u00e4rker nach dem Sp\u00fclen mit Clean Fruits:<\/strong><\/p>\n<ul>\n<li>5 ml pro 1 Liter Wasser<br \/>\nweiterhin regelm\u00e4\u00dfig bis zur Ernte anwenden.Big Fruits kann problemlos mit jedem anderen D\u00fcngemittel sowie in s\u00e4mtlichen Kultursubstraten angewendet werden.<\/li>\n<\/ul>\n","protected":false},"excerpt":{"rendered":"<p><b>Das Pflanzenhilfsmittel f\u00fcr eine bessere und kompaktere Fruchtbildung<\/b><\/p>\n<p><strong>\u00a0<\/strong><\/p>\n","protected":false},"featured_media":236,"template":"","meta":[],"product_cat":[90,89],"product_tag":[],"_links":{"self":[{"href":"https:\/\/greenbuzznutrients.com\/de\/wp-json\/wp\/v2\/product\/237"}],"collection":[{"href":"https:\/\/greenbuzznutrients.com\/de\/wp-json\/wp\/v2\/product"}],"about":[{"href":"https:\/\/greenbuzznutrients.com\/de\/wp-json\/wp\/v2\/types\/product"}],"wp:featuredmedia":[{"embeddable":true,"href":"https:\/\/greenbuzznutrients.com\/de\/wp-json\/wp\/v2\/media\/236"}],"wp:attachment":[{"href":"https:\/\/greenbuzznutrients.com\/de\/wp-json\/wp\/v2\/media?parent=237"}],"wp:term":[{"taxonomy":"product_cat","embeddable":true,"href":"https:\/\/greenbuzznutrients.com\/de\/wp-json\/wp\/v2\/product_cat?post=237"},{"taxonomy":"product_tag","embeddable":true,"href":"https:\/\/greenbuzznutrients.com\/de\/wp-json\/wp\/v2\/product_tag?post=237"}],"curies":[{"name":"wp","href":"https:\/\/api.w.org\/{rel}","templated":true}]}}