{"id":239,"date":"2020-03-03T17:17:13","date_gmt":"2020-03-03T16:17:13","guid":{"rendered":"https:\/\/greenbuzznutrients.com\/de\/product\/clean-fruits\/"},"modified":"2020-05-27T17:33:33","modified_gmt":"2020-05-27T15:33:33","slug":"clean-fruits","status":"publish","type":"product","link":"https:\/\/greenbuzznutrients.com\/de\/product\/clean-fruits\/","title":{"rendered":"Clean Fruits"},"content":{"rendered":"<p><strong>Das Pflanzenhilfsmittel f\u00fcr eine schnellere Auswaschung aller N\u00e4hrstoffe<\/strong><\/p>\n<p>Ideal geeignet zum Sp\u00fclen w\u00e4hrend der letzten Bl\u00fctewoche(n).<\/p>\n<p><strong>Mit Clean Fruits:<\/strong><\/p>\n<ul>\n<li>werden schon ab der ersten Anwendung alle unerw\u00fcnschten N\u00e4hrstoffe zum Ende der Bl\u00fctephase schnell und gr\u00fcndlich aus den Pflanzen und dem Medium herausgesp\u00fclt.<\/li>\n<li>k\u00f6nnen die Fr\u00fcchte dank der gr\u00fcndlichen Auswaschung aller restlichen N\u00e4hrstoffe ihren Geschmack deutlich verbessern.<\/li>\n<li>dank der gezielten Entsalzung der Pflanzenteile und des Mediums schmecken die Fr\u00fcchte garantiert nicht nach D\u00fcngemittelresten.<\/li>\n<\/ul>\n<p><strong>Clean Fruits bietet viele Vorteile:<\/strong><\/p>\n<ul>\n<li>die regelm\u00e4\u00dfige Anwendung von Enzymen und anderen chemischen entsalzenden Mitteln wird zum Sp\u00fclen des Mediums endlich \u00fcberfl\u00fcssig<\/li>\n<li>\u00dcberd\u00fcngungserscheinungen werden schnell und effektiv behoben<\/li>\n<li>das Substrat kann nach dem Gebrauch durch die Aufbereitung direkt wieder verwendet werden<\/li>\n<\/ul>\n<p><strong>Anwendung:<\/strong><\/p>\n<p>Clean Fruits kann wie folgt angewendet werden:<\/p>\n<p><strong>Zum Sp\u00fclen w\u00e4hrend der letzten Bl\u00fctewoche(n):<\/strong><\/p>\n<ul>\n<li>5 ml pro 1 Liter Wasser<br \/>\nDie Pflanzen regelm\u00e4\u00dfig bei jedem Gie\u00dfvorgang mit der dreifachen Volumenmenge des Mediums ausgiebig mit Clean Fruits durchsp\u00fclen. Wenn die Bl\u00e4tter ihre Blattf\u00e4rbung zur H\u00e4lfte verlieren, ist eine weitere Anwendung nicht mehr notwendig.<\/li>\n<\/ul>\n<p><strong>Zum Heraussp\u00fclen von \u00dcberd\u00fcngungserscheinungen (nur bei dunkelgr\u00fcnen Bl\u00e4ttern):<\/strong><\/p>\n<ul>\n<li>5 ml pro 1 Liter Wasser<br \/>\nDie Pflanzen solange mit Clean Fruits durchsp\u00fclen, bis Sie wieder ihre nat\u00fcrliche Blattf\u00e4rbung erreicht haben.<\/li>\n<\/ul>\n","protected":false},"excerpt":{"rendered":"<p><b>Das Pflanzenhilfsmittel f\u00fcr eine schnellere Auswaschung aller N\u00e4hrstoffe<\/b><\/p>\n<p><strong>\u00a0<\/strong><\/p>\n","protected":false},"featured_media":238,"template":"","meta":[],"product_cat":[89],"product_tag":[],"_links":{"self":[{"href":"https:\/\/greenbuzznutrients.com\/de\/wp-json\/wp\/v2\/product\/239"}],"collection":[{"href":"https:\/\/greenbuzznutrients.com\/de\/wp-json\/wp\/v2\/product"}],"about":[{"href":"https:\/\/greenbuzznutrients.com\/de\/wp-json\/wp\/v2\/types\/product"}],"wp:featuredmedia":[{"embeddable":true,"href":"https:\/\/greenbuzznutrients.com\/de\/wp-json\/wp\/v2\/media\/238"}],"wp:attachment":[{"href":"https:\/\/greenbuzznutrients.com\/de\/wp-json\/wp\/v2\/media?parent=239"}],"wp:term":[{"taxonomy":"product_cat","embeddable":true,"href":"https:\/\/greenbuzznutrients.com\/de\/wp-json\/wp\/v2\/product_cat?post=239"},{"taxonomy":"product_tag","embeddable":true,"href":"https:\/\/greenbuzznutrients.com\/de\/wp-json\/wp\/v2\/product_tag?post=239"}],"curies":[{"name":"wp","href":"https:\/\/api.w.org\/{rel}","templated":true}]}}