{"id":241,"date":"2020-03-03T17:17:17","date_gmt":"2020-03-03T16:17:17","guid":{"rendered":"https:\/\/greenbuzznutrients.com\/de\/product\/fast-start-gel\/"},"modified":"2020-05-27T17:33:33","modified_gmt":"2020-05-27T15:33:33","slug":"fast-start-gel","status":"publish","type":"product","link":"https:\/\/greenbuzznutrients.com\/de\/product\/fast-start-gel\/","title":{"rendered":"Fast Start Gel"},"content":{"rendered":"<p><strong>Das Pflanzenhilfsmittel f\u00fcr eine bessere und schnellere Bewurzelung von Stecklingen<\/strong><\/p>\n<p>Ideal geeignet f\u00fcr die sichere und schnelle Bewurzelung von Stecklingen.<\/p>\n<p><strong>Mit Fast Start Gel:<\/strong><\/p>\n<ul>\n<li>bewurzeln beschnittene Stecklinge deutlich schneller und besser<\/li>\n<li>wird die \u00dcberlebensrate bei idealen Umweltbedingungen auf bis zu 100% gesteigert<\/li>\n<li>erh\u00e4lt man vitaler bewurzelte Jungpflanzen in noch schnellerer Zeit<\/li>\n<\/ul>\n<p><strong>Fast Start Gel bietet viele Vorteile:<\/strong><\/p>\n<ul>\n<li>die Stecklinge sind innerhalb k\u00fcrzester Zeit schon ordentlich angewurzelt<\/li>\n<li>die l\u00e4stige Wartezeit wird auf nur wenige Tage reduziert<\/li>\n<li>die Stecklinge sind deutlich kr\u00e4ftiger und vitaler als unbehandelte Stecklinge<\/li>\n<li>schnellerer \u00dcbergang in die Wachstumsphase<\/li>\n<li>durch ges\u00fcndere Stecklinge entsteht ein deutlich vitaleres Wachstum in den darafufolgenden Lebenszyklen.<\/li>\n<\/ul>\n<p><strong>Durch die zus\u00e4tzliche 2-3malige Anwendung in dieser Zeit mit unserem Produkt Fast Plants Spray ergeben sich noch weitere Vorteile:<\/strong><\/p>\n<ul>\n<li>die Stecklinge lassen ihre Bl\u00e4tter nicht mehr h\u00e4ngen<\/li>\n<li>die Stecklinge bekommen nach dem Anwurzeln nicht mehr die \u00fcblichen Stickstoffmangelerscheinungen<\/li>\n<li>die Wurzeln werden in ihrer anf\u00e4nglichen Entwicklung durch die Blattapplikation aller in der Bewurzlungsphase ben\u00f6tigten N\u00e4hrstoffe gef\u00f6rdert, statt diese mit der Transpiration und Umsetzung der N\u00e4hrsalze bis hoch ins Blattwerk zu belasten.<\/li>\n<\/ul>\n<p><strong>Anwendung:<\/strong><\/p>\n<p><strong>Vor dem Gebrauch nicht sch\u00fctteln!<\/strong><\/p>\n<p><strong>Zum Einweichen bei Stecklingen:<\/strong><\/p>\n<ul>\n<li>Die zu gebrauchende Menge aus der Flasche entnehmen, restliche Luft aus der Flasche herausdr\u00fccken und den Deckel wieder luftdicht zuschrauben. F\u00fcr den weiteren Gebrauch im K\u00fchlschrank aufbewahren.<\/li>\n<li>Nun werden die Stecklinge direkt nach dem Beschneiden (alle Schnittfl\u00e4chen) f\u00fcr 2-3 Minuten in Fast Start Gel eingeweicht.<\/li>\n<li>Anschlie\u00dfend werden die Stecklinge wie gewohnt in das entsprechende Anzuchtmedium gesteckt.<\/li>\n<li>Das restliche Gel kann ideal zum Vorbehandeln der L\u00f6cher sowie zum Versiegeln dieser verwendet werden.<\/li>\n<\/ul>\n","protected":false},"excerpt":{"rendered":"<p><b>Das Pflanzenhilfsmittel f\u00fcr eine bessere und schnellere Bewurzelung von Stecklingen<\/b><\/p>\n<p><strong>\u00a0<\/strong><\/p>\n","protected":false},"featured_media":240,"template":"","meta":[],"product_cat":[89],"product_tag":[],"_links":{"self":[{"href":"https:\/\/greenbuzznutrients.com\/de\/wp-json\/wp\/v2\/product\/241"}],"collection":[{"href":"https:\/\/greenbuzznutrients.com\/de\/wp-json\/wp\/v2\/product"}],"about":[{"href":"https:\/\/greenbuzznutrients.com\/de\/wp-json\/wp\/v2\/types\/product"}],"wp:featuredmedia":[{"embeddable":true,"href":"https:\/\/greenbuzznutrients.com\/de\/wp-json\/wp\/v2\/media\/240"}],"wp:attachment":[{"href":"https:\/\/greenbuzznutrients.com\/de\/wp-json\/wp\/v2\/media?parent=241"}],"wp:term":[{"taxonomy":"product_cat","embeddable":true,"href":"https:\/\/greenbuzznutrients.com\/de\/wp-json\/wp\/v2\/product_cat?post=241"},{"taxonomy":"product_tag","embeddable":true,"href":"https:\/\/greenbuzznutrients.com\/de\/wp-json\/wp\/v2\/product_tag?post=241"}],"curies":[{"name":"wp","href":"https:\/\/api.w.org\/{rel}","templated":true}]}}