{"id":243,"date":"2020-03-03T17:17:21","date_gmt":"2020-03-03T16:17:21","guid":{"rendered":"https:\/\/greenbuzznutrients.com\/de\/product\/organic-grow-liquid\/"},"modified":"2020-05-27T17:33:33","modified_gmt":"2020-05-27T15:33:33","slug":"organic-grow-liquid","status":"publish","type":"product","link":"https:\/\/greenbuzznutrients.com\/de\/product\/organic-grow-liquid\/","title":{"rendered":"Organic Grow Liquid"},"content":{"rendered":"<p><strong>Das N-P-K D\u00fcngemittel f\u00fcr ein gesundes und kr\u00e4ftiges Wachstum<\/strong><\/p>\n<p>Mit Organic Grow Liquid wachsen die Pflanzen durch die sofortige Verf\u00fcgbarkeit der in etwa zur H\u00e4lfte vorgel\u00f6sten N\u00e4hrstoffe innerhalb k\u00fcrzester Zeit kr\u00e4ftig und vital heran. Die andere H\u00e4lfte ist je nach Beschaffenheit des Bodenlebens nach 7-10 Tagen f\u00fcr die Pflanzen umsetzbar. Dank der ausschlie\u00dflich hochwertigen und ausschlie\u00dflich sorgf\u00e4ltig ausgew\u00e4hlten 100 % organischen Inhaltsstoffe wird die Zellstruktur sowie die Widerstandsf\u00e4higkeit der Pflanzen von Beginn der Wachstumsphase an deutlich gest\u00e4rkt. Die Pflanzen sind somit weniger anf\u00e4llig f\u00fcr Krankheiten und Sch\u00e4dlinge und sind schneller f\u00fcr die Fruchtbildung bereit als un- oder sp\u00e4rlich ged\u00fcngte Pflanzen.<\/p>\n<p><strong>Hinweis:<\/strong><\/p>\n<p>Ein optimal eingestellter pH-Wert der N\u00e4hrl\u00f6sung (5,8-6,5) garantiert eine konstante Aufnahmef\u00e4higkeit aller f\u00fcr die Pflanzen in der Wachstumsphase erforderlichen N\u00e4hrstoffe.<\/p>\n<p><strong>Anwendungsempfehlung<\/strong>:<\/p>\n<p><strong>Empfehlungen der amtlichen Beratung gehen vor.<\/strong><\/p>\n<p><strong>Vor jedem Gebrauch gut sch\u00fctteln<\/strong> (bei Nichtgebrauch alle 2 Wochen).<\/p>\n<p>Bei Erstanwendung ausgiebiger sch\u00fctteln, da unser D\u00fcnger eine sich am Boden absetzende Schicht aufweisen kann. Dies ist bei unseren Grundd\u00fcngern normal und stellt daher kein Qualit\u00e4tsmerkmal dar.<\/p>\n<p><strong>Zum Gie\u00dfen in der N\u00e4hrl\u00f6sung:<\/strong><\/p>\n<ul>\n<li><strong>Auf Erde &amp; Coco:<\/strong><br \/>\n2-5 ml pro 1 Liter (auf Erde nur bei jedem zweiten Gie\u00dfvorgang) anwenden.<\/li>\n<li><strong>Auf allen anderen Medien:<\/strong><br \/>\n3-5 ml pro 1 Liter.<\/li>\n<\/ul>\n<p><strong>Generell ist folgendes nach jeder Anwednung zu beachten:<\/strong><\/p>\n<p>Werden die Bl\u00e4tter dunkelgr\u00fcn, D\u00fcngerbeigabe um ca. 30 % verringern.<\/p>\n<p>Werden die Bl\u00e4tter hellgr\u00fcn, Dosis solange erh\u00f6hen bis die Blattfarbe wieder normal wird. Danach mit dieser Menge weiter d\u00fcngen.<\/p>\n","protected":false},"excerpt":{"rendered":"<p><b>Das N-P-K D\u00fcngemittel f\u00fcr ein gesundes und kr\u00e4ftiges Wachstum<\/b><\/p>\n<p><strong>\u00a0<\/strong><\/p>\n","protected":false},"featured_media":242,"template":"","meta":[],"product_cat":[33],"product_tag":[],"_links":{"self":[{"href":"https:\/\/greenbuzznutrients.com\/de\/wp-json\/wp\/v2\/product\/243"}],"collection":[{"href":"https:\/\/greenbuzznutrients.com\/de\/wp-json\/wp\/v2\/product"}],"about":[{"href":"https:\/\/greenbuzznutrients.com\/de\/wp-json\/wp\/v2\/types\/product"}],"wp:featuredmedia":[{"embeddable":true,"href":"https:\/\/greenbuzznutrients.com\/de\/wp-json\/wp\/v2\/media\/242"}],"wp:attachment":[{"href":"https:\/\/greenbuzznutrients.com\/de\/wp-json\/wp\/v2\/media?parent=243"}],"wp:term":[{"taxonomy":"product_cat","embeddable":true,"href":"https:\/\/greenbuzznutrients.com\/de\/wp-json\/wp\/v2\/product_cat?post=243"},{"taxonomy":"product_tag","embeddable":true,"href":"https:\/\/greenbuzznutrients.com\/de\/wp-json\/wp\/v2\/product_tag?post=243"}],"curies":[{"name":"wp","href":"https:\/\/api.w.org\/{rel}","templated":true}]}}