{"id":266,"date":"2020-03-03T17:17:28","date_gmt":"2020-03-03T16:17:28","guid":{"rendered":"https:\/\/greenbuzznutrients.com\/de\/product\/organic-bloom-liquid\/"},"modified":"2020-05-27T17:33:34","modified_gmt":"2020-05-27T15:33:34","slug":"organic-bloom-liquid","status":"publish","type":"product","link":"https:\/\/greenbuzznutrients.com\/de\/product\/organic-bloom-liquid\/","title":{"rendered":"Organic Bloom Liquid"},"content":{"rendered":"<p><strong>Das N-P-K D\u00fcngemittel f\u00fcr die erfolgreiche Bl\u00fctephase<\/strong><\/p>\n<p>Mit Organic Bloom Liquid wachsen die anf\u00e4nglich kleinen Fruchtans\u00e4tze der Pflanzen durch die sofortige Verf\u00fcgbarkeit der in etwa zur H\u00e4lfte vorgel\u00f6sten N\u00e4hrstoffe innerhalb k\u00fcrzester Zeit zu stattlichen Fr\u00fcchten heran.<\/p>\n<p>Durch den verringerten Stickstoffanteil wird die \u00fcbliche Streckung der Pflanzenstiele zwischen den einzelnen Bl\u00e4ttern nach der Lichtreduzierung wesentlich verringert, die Pflanzen sind somit nach der Umstellung von der Wachstums- in die Bl\u00fctephase kompakter im Wuchsverhalten. So sind die Pflanzen deutlich schneller f\u00fcr die Bl\u00fctenbildung bereit und tragf\u00e4higer als unged\u00fcngte oder mit einem all-in-one D\u00fcnger versorgte Pflanzen.<\/p>\n<p>Dank der ausschlie\u00dflich hochwertigen und ausschlie\u00dflich sorgf\u00e4ltig ausgew\u00e4hlten 100 % organischen Inhaltsstoffe bringt Organic Bloom Liquid ein intensives und \u00fcberaus nat\u00fcrliches Geschmackserlebnis des Endproduktes hervor.<\/p>\n<p><strong>Hinweis:<\/strong><\/p>\n<p>Ein optimal eingestellter pH-Wert der N\u00e4hrl\u00f6sung (5,8-6,5) garantiert eine konstante Aufnahmef\u00e4higkeit aller f\u00fcr die Pflanzen in der Bl\u00fctephase erforderlichen N\u00e4hrstoffe.<\/p>\n<p><strong>Anwendung:<\/strong><\/p>\n<p><strong>Empfehlungen der amtlichen Beratung gehen vor.<\/strong><\/p>\n<p>Vor jedem Gebrauch gut sch\u00fctteln (bei Nichtgebrauch alle 2 Wochen).<\/p>\n<p>Bei Erstanwendung ausgiebiger sch\u00fctteln, da unser D\u00fcnger eine sich am Boden absetzende Schicht aufweisen kann. Dies ist bei unseren Grundd\u00fcngern normal und stellt daher kein Qualit\u00e4tsmerkmal dar.<\/p>\n<p><strong>Zum Gie\u00dfen in der N\u00e4hrl\u00f6sung:<\/strong><\/p>\n<ul>\n<li><strong>Auf Erde &amp; Coco:<\/strong><br \/>\n2-5 ml pro 1 Liter (auf Erde nur bei jedem zweiten Gie\u00dfvorgang) anwenden.<\/li>\n<li><strong>Auf allen anderen Medien:<\/strong><br \/>\n3-5 ml pro 1 Liter.<\/li>\n<\/ul>\n<p><strong>Generell ist folgendes nach jeder Anwednung zu beachten:<\/strong><\/p>\n<p>Werden die Bl\u00e4tter dunkelgr\u00fcn, D\u00fcngerbeigabe um ca. 30 % verringern.<\/p>\n<p>Werden die Bl\u00e4tter hellgr\u00fcn, Dosis solange erh\u00f6hen bis die Blattfarbe wieder normal wird. Danach mit dieser Menge weiter d\u00fcngen.<\/p>\n","protected":false},"excerpt":{"rendered":"<p><b>Das N-P-K D\u00fcngemittel f\u00fcr die erfolgreiche Bl\u00fctephase<\/b><\/p>\n<p><strong>\u00a0<\/strong><\/p>\n","protected":false},"featured_media":265,"template":"","meta":[],"product_cat":[33],"product_tag":[],"_links":{"self":[{"href":"https:\/\/greenbuzznutrients.com\/de\/wp-json\/wp\/v2\/product\/266"}],"collection":[{"href":"https:\/\/greenbuzznutrients.com\/de\/wp-json\/wp\/v2\/product"}],"about":[{"href":"https:\/\/greenbuzznutrients.com\/de\/wp-json\/wp\/v2\/types\/product"}],"wp:featuredmedia":[{"embeddable":true,"href":"https:\/\/greenbuzznutrients.com\/de\/wp-json\/wp\/v2\/media\/265"}],"wp:attachment":[{"href":"https:\/\/greenbuzznutrients.com\/de\/wp-json\/wp\/v2\/media?parent=266"}],"wp:term":[{"taxonomy":"product_cat","embeddable":true,"href":"https:\/\/greenbuzznutrients.com\/de\/wp-json\/wp\/v2\/product_cat?post=266"},{"taxonomy":"product_tag","embeddable":true,"href":"https:\/\/greenbuzznutrients.com\/de\/wp-json\/wp\/v2\/product_tag?post=266"}],"curies":[{"name":"wp","href":"https:\/\/api.w.org\/{rel}","templated":true}]}}