{"id":268,"date":"2020-03-03T17:17:33","date_gmt":"2020-03-03T16:17:33","guid":{"rendered":"https:\/\/greenbuzznutrients.com\/de\/product\/organic-more-pk\/"},"modified":"2020-05-27T17:33:34","modified_gmt":"2020-05-27T15:33:34","slug":"organic-more-pk","status":"publish","type":"product","link":"https:\/\/greenbuzznutrients.com\/de\/product\/organic-more-pk\/","title":{"rendered":"Organic More PK"},"content":{"rendered":"<p><strong>Das Phosphor-Kalium-D\u00fcngemittel f\u00fcr eine kompakte Bl\u00fctenbildung<\/strong><\/p>\n<p>Organic More PK ist ein N-P-K-haltiges Bl\u00fcten-D\u00fcngemittel, das den Grundd\u00fcnger in seiner Wirksamkeit unterst\u00fctzt und somit bessere Ergebnisse hervor bringt.<\/p>\n<p>Durch den besonders hohen Phosphor-Kalium Anteil, welcher den Pflanzen in den letzten stark zehrenden Bl\u00fctenwochen in ausreichender Menge zur Verf\u00fcgung gestellt wird, bilden die Pflanzen deutlich kr\u00e4ftigere und kompaktere Fruchtst\u00e4nde und Bl\u00fcten aus. Damit setzt Organic More PK dank seiner ausschlie\u00dflich organischen Rezeptur neue Ma\u00dfst\u00e4be in der Pflanzenzucht.<\/p>\n<p>100% organisches D\u00fcngen ist somit ohne den Einsatz eines mineralischen PK Boosters m\u00f6glich.<\/p>\n<p><strong>Weitere Vorteile von Organic More PK:<\/strong><\/p>\n<ul>\n<li>sorgt durch den erh\u00f6hten PK-Gehalt f\u00fcr eine bessere Bl\u00fctenbildung, die sich auch an den unteren Trieben der Pflanze bemerkbar macht.<\/li>\n<li>100% vegan \u2013 enth\u00e4lt keine tierischen Exkremente<\/li>\n<\/ul>\n<p><strong>Hinweis:<\/strong><\/p>\n<p>Organic More PK sollte in den letzten Bl\u00fctenwochen zusammen mit Organic Bloom Liquid angewandt als Bl\u00fcte Booster angewandt werden. Er kann auch ohne den Einsatz unserer Grundd\u00fcnger f\u00fcr eine 100 % vegane D\u00fcngung verwendet werden, jedoch sollte hier in den ersten beiden Bl\u00fctenwochen vollst\u00e4ndig mit der Gabe in dieser Phase verzichtet werden, da die Pflanzen ansonsten zu sehr in die H\u00f6he schie\u00dfen k\u00f6nnen. Ein Zu voriges Umtopfen macht eine fr\u00fchzeitige D\u00fcngung in den ersten Tagen ohnehin unn\u00f6tig.<\/p>\n<p><strong>Anwendung:<\/strong><\/p>\n<p><strong>Vor jedem Gebrauch gut sch\u00fctteln.<\/strong> Bei Erstanwendung ausgiebiger sch\u00fctteln, da unser D\u00fcnger eine sich am Boden absetzende Schicht aufweisen kann. Dies ist bei unseren Grundd\u00fcngern normal und ist auf die hohe organische Dichte durch die von uns h\u00f6chstm\u00f6glich gew\u00e4hlten Konzentration der Produkte zur\u00fcckzuf\u00fchren und stellt daher kein Qualit\u00e4tsmerkmal dar.<\/p>\n<p><strong>Zum Gie\u00dfen in der N\u00e4hrl\u00f6sung:<\/strong><\/p>\n<ul>\n<li>2-5 ml pro 1 Liter<br \/>\nzus\u00e4tzlich mit unserem Produkt Organic Bloom Liquid (auf Erde nur bei jedem zweiten Gie\u00dfvorgang) anwenden.<\/li>\n<\/ul>\n<p><strong>Generell zu beachten:<\/strong><\/p>\n<p>Werden die Bl\u00e4tter dunkelgr\u00fcn, D\u00fcngerbeigabe um ca. 30 % verringern.<\/p>\n<p>Werden die Bl\u00e4tter hellgr\u00fcn, Dosis solange erh\u00f6hen bis die Blattfarbe wieder normal wird. Danach mit dieser Menge weiter d\u00fcngen.<\/p>\n","protected":false},"excerpt":{"rendered":"<p><b>Das Phosphor-Kalium-D\u00fcngemittel f\u00fcr eine kompakte Bl\u00fctenbildung<\/b><\/p>\n<p><strong>\u00a0<\/strong><\/p>\n","protected":false},"featured_media":267,"template":"","meta":[],"product_cat":[90,33],"product_tag":[],"_links":{"self":[{"href":"https:\/\/greenbuzznutrients.com\/de\/wp-json\/wp\/v2\/product\/268"}],"collection":[{"href":"https:\/\/greenbuzznutrients.com\/de\/wp-json\/wp\/v2\/product"}],"about":[{"href":"https:\/\/greenbuzznutrients.com\/de\/wp-json\/wp\/v2\/types\/product"}],"wp:featuredmedia":[{"embeddable":true,"href":"https:\/\/greenbuzznutrients.com\/de\/wp-json\/wp\/v2\/media\/267"}],"wp:attachment":[{"href":"https:\/\/greenbuzznutrients.com\/de\/wp-json\/wp\/v2\/media?parent=268"}],"wp:term":[{"taxonomy":"product_cat","embeddable":true,"href":"https:\/\/greenbuzznutrients.com\/de\/wp-json\/wp\/v2\/product_cat?post=268"},{"taxonomy":"product_tag","embeddable":true,"href":"https:\/\/greenbuzznutrients.com\/de\/wp-json\/wp\/v2\/product_tag?post=268"}],"curies":[{"name":"wp","href":"https:\/\/api.w.org\/{rel}","templated":true}]}}