{"id":270,"date":"2020-03-03T17:17:37","date_gmt":"2020-03-03T16:17:37","guid":{"rendered":"https:\/\/greenbuzznutrients.com\/de\/product\/living-organics\/"},"modified":"2020-05-27T17:33:34","modified_gmt":"2020-05-27T15:33:34","slug":"living-organics","status":"publish","type":"product","link":"https:\/\/greenbuzznutrients.com\/de\/product\/living-organics\/","title":{"rendered":"Living Organics"},"content":{"rendered":"<p><strong>Ideal geeignet zur Verbesserung des Bodenlebens<\/strong><\/p>\n<p>N\u00fctzliche Trichoderma- und Bakterienpilzst\u00e4mme f\u00fcr ein verbessertes Bodenleben, eine gesteigerte N\u00e4hrstoffaufnahme sowie zur F\u00f6rderung einer erh\u00f6hten Stressresistenz der Pflanzen. Diese Mikroorganismen sind in der freien Natur \u00fcberall in verschiedensten Konzentrationen vorhanden und sollten gerade im selektiven Anbauverfahren mit organischen D\u00fcngemitteln nicht vernachl\u00e4ssigt werden.<\/p>\n<p>Mit Living Organics wird das Bodenleben gleich nach Beginn der ersten Anwendung deutlich verbessert. Durch die Zugabe von Living Organics in ein neues Substrat (besonders bei erdlosen Substraten) wird dieses schnell und zuverl\u00e4ssig durch die Ansiedlung unterschiedlichster Bodenmikroorganismen geimpft. Das N\u00e4hrmedium wird durch Millionen von so genannten gutartigen Trichoderma- und Bakterienpilzst\u00e4mmen von Anwendung zu Anwendung weiter ausgebaut und verbessert. Hieraus resultiert eine Form der Symbiose zwischen Pilzen und Pflanzen, bei der die Pilze mit dem Feinwurzelsystem der Pflanzen in Kontakt treten \u2013 das so genannte Mykorrhiza-System.<\/p>\n<p><strong>Living Organics bietet viele Vorteile:<\/strong><\/p>\n<ul>\n<li>Es verbessert das Bodenleben und die Wurzelentwicklung durch die fortlaufende Ansiedlung von Mykorrhiza deutlich;<\/li>\n<li>f\u00f6rdert ein kompakteres Wuchsverhalten der Pflanzen;<\/li>\n<li>steigert die N\u00e4hrstoffaufnahmef\u00e4higkeit und sch\u00fctzt die Pflanzen besser vor Umwelteinfl\u00fcssen, wodurch der Stress an den Pflanzen sowie die Anf\u00e4lligkeit des Substrates (z.B. durch pathogenen Pilzbefall wie Mehltau, Schimmel- und Stockpilze) reduziert werden;<\/li>\n<li>bindet \u00fcbersch\u00fcssigen Stickstoff und Phosphor und setzt organisch verf\u00fcgbares Material f\u00fcr die Pflanzen frei, welches bis dahin in gebundener und somit f\u00fcr die Pflanze nicht verwertbarer Form vorlag;<\/li>\n<li>tr\u00e4gt zu einem stabileren pH-Wert und zu einem erh\u00f6hten Ertrag bei.<\/li>\n<\/ul>\n<p><strong>Anwendung:<\/strong><\/p>\n<p><strong>Zur Vorbereitung des Substrates bei Erstanwendung:<\/strong><\/p>\n<ul>\n<li>2 g (1 EL) pro 10 Liter Wasser<br \/>\nDas Substrat kann bedenkenlos mit den Produkten Living Organics, Humin S\u00e4ure Plus und More Roots nach Anwendungsempfehlung vor dem ersten Bepflanzen aufgewertet werden, sodass S\u00e4mlinge besser keimen, bzw. diese nach dem Umsetzen weniger Stress erleiden. Hierdurch wird das Anwurzeln beschleunigt und die Ausfallrate verringert, wodurch die Pflanzen schneller mit der Vegetationsphase beginnen k\u00f6nnen.<\/li>\n<\/ul>\n<p><strong>Zum Impfen des Substrates direkt vor dem Einpflanzen:<\/strong><\/p>\n<ul>\n<li>Living Organics in einer d\u00fcnnen Schicht auf die Substratoberfl\u00e4che geben. Bei S\u00e4mlingspflanzen reicht es schon aus, ein wenig Living Organics \u00fcber dem Pikierloch zu verstreuen und den Samen anschlie\u00dfend dort zu platzieren.<\/li>\n<\/ul>\n<p><strong>Bei jedem Umtopfen der Pflanzen in ein neues Substrat:<\/strong><\/p>\n<ul>\n<li>\u00fcberall dort, wo die Wurzeln sich in das neue Substrat entwickeln sollen, in einer d\u00fcnnen Schicht auftragen und die Pflanzen direkt mit den Wurzeln auf die ausgiebig ausgestreute Substratoberfl\u00e4che setzen. Bevor die umzutopfende Pflanze in das neue Substrat eingepflanzt wird, sollte der Wurzelballen mit etwas Wasser bespr\u00fcht werden, sodass auch hier von allen Seiten eine d\u00fcnne Schicht Living Organics aufgebracht werden kann. Nach dem Einsetzen empfiehlt sich zudem, das Produkt seitlich in die Schlitze einzubringen, bevor der Topf aufgef\u00fcllt wird.<\/li>\n<\/ul>\n<p><strong>Zum weiteren Nachimpfen (Auffrischen der Mikroorganismen) des Substrates:<\/strong><\/p>\n<ul>\n<li>1 g (1 TL) pro 10 Liter Wasser<br \/>\nDas Substrat sollte regelm\u00e4\u00dfig in einem Abstand von 14-21 Tagen mit Living Organics zum Auffrischen der Kulturst\u00e4mme aufgebessert werden. Von einer dauerhaften Anwendung raten wir aus Kosten- und Nutzengr\u00fcnden ab. Es reicht vollkommen aus, die Pflanzen bei jedem Ein- bzw. Umtopfen sowie in den empfohlenen Intervallen mit Living Organics zu behandeln.<\/li>\n<\/ul>\n","protected":false},"excerpt":{"rendered":"<p><b>Ideal geeignet zur Verbesserung des Bodenlebens<\/b><\/p>\n<p><strong>\u00a0<\/strong><\/p>\n","protected":false},"featured_media":269,"template":"","meta":[],"product_cat":[88,89],"product_tag":[],"_links":{"self":[{"href":"https:\/\/greenbuzznutrients.com\/de\/wp-json\/wp\/v2\/product\/270"}],"collection":[{"href":"https:\/\/greenbuzznutrients.com\/de\/wp-json\/wp\/v2\/product"}],"about":[{"href":"https:\/\/greenbuzznutrients.com\/de\/wp-json\/wp\/v2\/types\/product"}],"wp:featuredmedia":[{"embeddable":true,"href":"https:\/\/greenbuzznutrients.com\/de\/wp-json\/wp\/v2\/media\/269"}],"wp:attachment":[{"href":"https:\/\/greenbuzznutrients.com\/de\/wp-json\/wp\/v2\/media?parent=270"}],"wp:term":[{"taxonomy":"product_cat","embeddable":true,"href":"https:\/\/greenbuzznutrients.com\/de\/wp-json\/wp\/v2\/product_cat?post=270"},{"taxonomy":"product_tag","embeddable":true,"href":"https:\/\/greenbuzznutrients.com\/de\/wp-json\/wp\/v2\/product_tag?post=270"}],"curies":[{"name":"wp","href":"https:\/\/api.w.org\/{rel}","templated":true}]}}