{"id":272,"date":"2020-03-03T17:17:40","date_gmt":"2020-03-03T16:17:40","guid":{"rendered":"https:\/\/greenbuzznutrients.com\/de\/product\/growzyme\/"},"modified":"2020-05-27T17:33:34","modified_gmt":"2020-05-27T15:33:34","slug":"growzyme","status":"publish","type":"product","link":"https:\/\/greenbuzznutrients.com\/de\/product\/growzyme\/","title":{"rendered":"Growzyme"},"content":{"rendered":"<p><strong>Das Pflanzenhilfsmittel f\u00fcr ein effizienteres Pflanzenwachstum<\/strong><\/p>\n<p>GROWZYME ist ein fl\u00fcssiger Braunalgenextrakt aus der Meerespflanze Ascophyllum nodosum, welche an der Nordk\u00fcste aus dem Atlantischen Ozean geerntet und durch ein neuartiges, hochwertiges und schonendes Kaltpressverfahren verarbeitet wird. Wir achten auf Seetang der besten Qualit\u00e4t \u2013 da dieser besonders reich an Aminos\u00e4uren, Mineralien, Spurenelementen, Vitaminen und anderen N\u00e4hrstoffen ist, die in Landpflanzen in diesem Umfang nicht vorhanden sind.<\/p>\n<p><strong>Growzyme bietet viele Vorteile:<\/strong><\/p>\n<ul>\n<li>als Blattapplikation angewandt sehen die Pflanzen bereits am n\u00e4chsten Tag schon deutlich vitaler, regelm\u00e4\u00dfig angewandt buschiger aus<\/li>\n<li>erh\u00f6ht und stabilisiert Chlorophyll in Pflanzen, was zu dunkelgr\u00fcnen Bl\u00e4ttern und erh\u00f6htem Zuckergehalt f\u00fchrt<\/li>\n<li>erh\u00f6ht die N\u00e4hrstoff- und Mineralaufnahme aus dem Boden in die Pflanze<\/li>\n<li>steigert die Bl\u00fcte und die Gr\u00f6\u00dfe von Blumen und Fr\u00fcchten<\/li>\n<\/ul>\n<p><strong>Weitere Vorteile von Growzyme:<\/strong><\/p>\n<ul>\n<li>verbessert die Samenkeimung und f\u00f6rdert die Wurzelentwicklung<\/li>\n<li>erh\u00f6ht die Pflanzenst\u00e4rke und verleiht damit eine gr\u00f6\u00dfere Widerstandsf\u00e4higkeit gegen Krankheiten, Insektenbefall, Trockenheit und Frost<\/li>\n<li>viele in den Meeresalgen enthaltenen Spurenelemente haben wichtige regulatorische Funktionen f\u00fcr die Pflanzen<\/li>\n<li>erh\u00f6ht die Haltbarkeit von Fr\u00fcchten durch Verlangsamung des Proteinverlusts<\/li>\n<\/ul>\n<p><strong>Anwendung:<\/strong><\/p>\n<p>Growzyme kann bei jedem Gie\u00dfvorgang w\u00e4hrend der gesamten Lebensphase der Pflanzen in s\u00e4mtlichen Kultursubstraten wie folgt angewendet werden:<\/p>\n<p><strong>Ab der Samenkeimung \/ bei frisch geschnittenen Stecklingen:<\/strong><\/p>\n<ul>\n<li>5 ml pro 1 Liter Wasser<br \/>\nDie S\u00e4mlingspflanzen zusammen mit unseren Produkten HUMIN S\u00c4URE PLUS, LIVING ORGANICS und MORE ROOTS einmalig gie\u00dfen, Stecklinge sind zus\u00e4tzlich in derselben Dosierung zu bespr\u00fchen.<\/li>\n<\/ul>\n<p><strong>Als Spr\u00fchl\u00f6sung in der gesamten vegetativen Phase, bis zum Fruchtansatz:<\/strong><\/p>\n<ul>\n<li>3 ml pro 1 Liter Wasser<br \/>\nGrowzyme wird im Idealfall zus\u00e4tzlich 2x t\u00e4glich zusammen mit 5 ml\/1 L HUMIN S\u00c4URE PLUS, 2 ml\/1 L MORE ROOTS und bei Bedarf zus\u00e4tzlich noch mit 1 ml\/1 L ORGANIC MORE PK bespr\u00fcht. Mit Growzyme bespr\u00fchte Pflanzen k\u00f6nnen die hochwertigen Vitamine, Inhalts- und N\u00e4hrstoffe direkt \u00fcber das Blattwerk aufnehmen und sehen am n\u00e4chsten Tag somit schon deutlich vitaler aus.<\/li>\n<\/ul>\n<p><strong>W\u00e4hrend der gesamten Lebensphase:<\/strong><\/p>\n<ul>\n<li>2-5 ml pro 1 Liter Wasser<br \/>\nDie Pflanzen regelm\u00e4\u00dfig bei jeder Bew\u00e4sserung mit Growzyme gie\u00dfen.<\/li>\n<\/ul>\n<p><strong>Als Geschmacksverst\u00e4rker nach dem Sp\u00fclen mit Clean Fruits:<\/strong><\/p>\n<ul>\n<li>5 ml pro 1 Liter Wasser<br \/>\nweiterhin regelm\u00e4\u00dfig bis zur Ernte anwenden.<\/li>\n<\/ul>\n","protected":false},"excerpt":{"rendered":"<p><b>Das Pflanzenhilfsmittel f\u00fcr ein effizienteres Pflanzenwachstum<\/b><\/p>\n<p><strong>\u00a0<\/strong><\/p>\n","protected":false},"featured_media":364,"template":"","meta":[],"product_cat":[88,90,89],"product_tag":[],"_links":{"self":[{"href":"https:\/\/greenbuzznutrients.com\/de\/wp-json\/wp\/v2\/product\/272"}],"collection":[{"href":"https:\/\/greenbuzznutrients.com\/de\/wp-json\/wp\/v2\/product"}],"about":[{"href":"https:\/\/greenbuzznutrients.com\/de\/wp-json\/wp\/v2\/types\/product"}],"wp:featuredmedia":[{"embeddable":true,"href":"https:\/\/greenbuzznutrients.com\/de\/wp-json\/wp\/v2\/media\/364"}],"wp:attachment":[{"href":"https:\/\/greenbuzznutrients.com\/de\/wp-json\/wp\/v2\/media?parent=272"}],"wp:term":[{"taxonomy":"product_cat","embeddable":true,"href":"https:\/\/greenbuzznutrients.com\/de\/wp-json\/wp\/v2\/product_cat?post=272"},{"taxonomy":"product_tag","embeddable":true,"href":"https:\/\/greenbuzznutrients.com\/de\/wp-json\/wp\/v2\/product_tag?post=272"}],"curies":[{"name":"wp","href":"https:\/\/api.w.org\/{rel}","templated":true}]}}