{"id":274,"date":"2020-03-03T17:17:45","date_gmt":"2020-03-03T16:17:45","guid":{"rendered":"https:\/\/greenbuzznutrients.com\/de\/product\/starter-set-beginner\/"},"modified":"2025-03-18T15:13:29","modified_gmt":"2025-03-18T14:13:29","slug":"starterset-beginner","status":"publish","type":"product","link":"https:\/\/greenbuzznutrients.com\/de\/product\/starterset-beginner\/","title":{"rendered":"Starterset &#8211; Beginner"},"content":{"rendered":"<p>Unser Beginner Starterset ist f\u00fcr die Anwendung unseres Beginner Zuchtschemas zusammengestellt worden und\/oder zum kosteng\u00fcnstigen herantesten unseres 100% organischen Produktsortimentes:<\/p>\n<p>Das Beginner Starterset beeinhaltet 6 Flaschen mit je 100 ml (Humin S\u00e4ure Plus, More Roots, Big Fruits, Clean Fruits, Organic Grow Liquid &amp; Organic Bloom Liquid) sowie 1x 25 g pH-Pulver.<\/p>\n<p>Es enth\u00e4lt alle Produkte (mit Ausnahme der beiden neuen Produkte Growzyme, sowie des individuell einsetzbaren Organic CalMag), welche f\u00fcr die Anwendung unseres Beginner Zuchtschemas ben\u00f6tigt werden.<\/p>\n<p>Es reicht f\u00fcr 20-50 L N\u00e4hrl\u00f6sung aus und ist mit \u00fcber 40 % gegen\u00fcber dem normalen Einzelkauf rabattiert erh\u00e4ltlich.<\/p>\n","protected":false},"excerpt":{"rendered":"<p>Unser Beginner Starterset ist f\u00fcr die Anwendung unseres Beginner Zuchtschemas zusammengestellt worden und\/oder zum kosteng\u00fcnstigen herantesten unseres 100% organischen Produktsortimentes: Das Beginner Starterset beeinhaltet 6 Flaschen mit je 100 ml (Humin S\u00e4ure Plus, More Roots, Big Fruits, Clean Fruits, Organic Grow Liquid &amp; Organic Bloom Liquid) sowie 1x 25 g pH-Pulver. Es enth\u00e4lt alle Produkte [&hellip;]<\/p>\n","protected":false},"featured_media":273,"template":"","meta":[],"product_cat":[34],"product_tag":[103],"_links":{"self":[{"href":"https:\/\/greenbuzznutrients.com\/de\/wp-json\/wp\/v2\/product\/274"}],"collection":[{"href":"https:\/\/greenbuzznutrients.com\/de\/wp-json\/wp\/v2\/product"}],"about":[{"href":"https:\/\/greenbuzznutrients.com\/de\/wp-json\/wp\/v2\/types\/product"}],"wp:featuredmedia":[{"embeddable":true,"href":"https:\/\/greenbuzznutrients.com\/de\/wp-json\/wp\/v2\/media\/273"}],"wp:attachment":[{"href":"https:\/\/greenbuzznutrients.com\/de\/wp-json\/wp\/v2\/media?parent=274"}],"wp:term":[{"taxonomy":"product_cat","embeddable":true,"href":"https:\/\/greenbuzznutrients.com\/de\/wp-json\/wp\/v2\/product_cat?post=274"},{"taxonomy":"product_tag","embeddable":true,"href":"https:\/\/greenbuzznutrients.com\/de\/wp-json\/wp\/v2\/product_tag?post=274"}],"curies":[{"name":"wp","href":"https:\/\/api.w.org\/{rel}","templated":true}]}}