{"id":276,"date":"2020-03-03T17:17:49","date_gmt":"2020-03-03T16:17:49","guid":{"rendered":"https:\/\/greenbuzznutrients.com\/de\/product\/starter-set-professional\/"},"modified":"2025-03-21T09:32:58","modified_gmt":"2025-03-21T08:32:58","slug":"starterset-professional","status":"publish","type":"product","link":"https:\/\/greenbuzznutrients.com\/de\/product\/starterset-professional\/","title":{"rendered":"Starterset &#8211; Professional"},"content":{"rendered":"<p>Unser Profi Starterset wurde f\u00fcr das Profi Zuchtschema zusammengestellt:<\/p>\n<p>Es enth\u00e4lt mit Ausnahme unseres neuen Growzyme alle Produkte, welche f\u00fcr die Anwendung unseres Profi Zuchtschemas ben\u00f6tigt werden und ist mit knapp unter 40 % gegen\u00fcber Einzelkauf rabattiert.<\/p>\n<p>-2x 500 ml (Humin S\u00e4ure Plus &amp; Organic Bloom Liquid),<\/p>\n<p>-1x 250 ml Big Fruits,<\/p>\n<p>-5x 100 ml (Organic Grow Liquid, Fast Buds, More Roots, Clean Fruits &amp; Organic More PK) Flaschen,<\/p>\n<p>sowie<\/p>\n<p>-1x 100g pH-Pulver im ZIP-Beutel.<\/p>\n<p>Das Set ist ausreichend f\u00fcr 3 Pflanzen in einer XS Box [80&#215;80 cm] f\u00fcr einen gesamten Anbauzyklus, f\u00fcr eine Homebox L (100&#215;100 cm] wird das Set ca. 1 1\/2x, f\u00fcr eine XL Homebox [120&#215;120 cm] 2x ben\u00f6tigt. Growzyme ist NICHT in den Startersets enthalten. Es wird daher noch der zus\u00e4tzliche Kauf von 0,5 L Growzyme zu jedem Set hinzu empfohlen, welches simultan mit der Humin S\u00e4ure Plus w\u00e4hrend des gesamten Anbauzyklus angewandt wird.<\/p>\n<p>Bitte beachtet, dass bereits mit der Produktserie vertraute Anwender, in der Regel stets von den Angaben auf den Zuchtschemen zwecks Ertagsoptimierung abweichen und bis zu 12 ml\/je 1 L an N-P-K haltigen Grundd\u00fcngern verwenden und dementsprechend gr\u00f6\u00dfere Mengen an Grundd\u00fcnger ben\u00f6tigt wird.<\/p>\n","protected":false},"excerpt":{"rendered":"<p>Unser Profi Starterset wurde f\u00fcr das Profi Zuchtschema zusammengestellt: Es enth\u00e4lt mit Ausnahme unseres neuen Growzyme alle Produkte, welche f\u00fcr die Anwendung unseres Profi Zuchtschemas ben\u00f6tigt werden und ist mit knapp unter 40 % gegen\u00fcber Einzelkauf rabattiert. -2x 500 ml (Humin S\u00e4ure Plus &amp; Organic Bloom Liquid), -1x 250 ml Big Fruits, -5x 100 ml [&hellip;]<\/p>\n","protected":false},"featured_media":275,"template":"","meta":[],"product_cat":[34],"product_tag":[91],"_links":{"self":[{"href":"https:\/\/greenbuzznutrients.com\/de\/wp-json\/wp\/v2\/product\/276"}],"collection":[{"href":"https:\/\/greenbuzznutrients.com\/de\/wp-json\/wp\/v2\/product"}],"about":[{"href":"https:\/\/greenbuzznutrients.com\/de\/wp-json\/wp\/v2\/types\/product"}],"wp:featuredmedia":[{"embeddable":true,"href":"https:\/\/greenbuzznutrients.com\/de\/wp-json\/wp\/v2\/media\/275"}],"wp:attachment":[{"href":"https:\/\/greenbuzznutrients.com\/de\/wp-json\/wp\/v2\/media?parent=276"}],"wp:term":[{"taxonomy":"product_cat","embeddable":true,"href":"https:\/\/greenbuzznutrients.com\/de\/wp-json\/wp\/v2\/product_cat?post=276"},{"taxonomy":"product_tag","embeddable":true,"href":"https:\/\/greenbuzznutrients.com\/de\/wp-json\/wp\/v2\/product_tag?post=276"}],"curies":[{"name":"wp","href":"https:\/\/api.w.org\/{rel}","templated":true}]}}