{"id":377,"date":"2020-03-04T01:47:31","date_gmt":"2020-03-04T00:47:31","guid":{"rendered":"https:\/\/greenbuzznutrients.com\/de\/?post_type=product&#038;p=377"},"modified":"2022-01-04T15:23:11","modified_gmt":"2022-01-04T14:23:11","slug":"organic-calmag","status":"publish","type":"product","link":"https:\/\/greenbuzznutrients.com\/de\/product\/organic-calmag\/","title":{"rendered":"Organic CalMag"},"content":{"rendered":"<p><strong>Calcium-Magnesium Booster f\u00fcr stark zehrende Pflanzen<\/strong><\/p>\n<p>Wenn die Pflanzen ihre Fotosynthese immer weiter einschr\u00e4nken und mit der fr\u00fchzeitigen Gelbf\u00e4rbung ihrer Bl\u00e4tter beginnen, wird es Zeit schnell zu handeln.<\/p>\n<p>Organic CalMag wurde konzipiert, um den immer h\u00f6her werdenden Anforderungen von stark zehrenden Pflanzen in der Pflanzenzucht gerecht zu werden.\u00a0 Somit werden Calcium- und Magnesium-Mangelerscheinungen insbesondere im zunehmend h\u00e4ufigen Innenraumanbau unter LED, bei vielen automatisch bl\u00fchenden Sorten, bei der Verwendung des Mediums Kokos oder Airpot-T\u00f6pfen oder bei kontinuierlich sauren pH-Werten von unter 6,0 gezielt vorgebeugt. Zudem k\u00f6nnen im Falle von sich bereits anbahnenden Mangelerscheinungen diese schnell und effektiv innerhalb von 1-2 Anwendungen entgegengewirkt werden.<\/p>\n<p>Organic CalMag kann auch pr\u00e4ventiv in allen anderen Anbaumedien oder Kultivierungssystemen ideal zur generellen Ertragssteigerung mit eingesetzt werden. In diesem Fall ist jedoch nach jeder Gabe auf die Reaktionen der Pflanzen zu achten und den Einsatz entsprechend rechtzeitig wieder zu reduzieren bzw. vollst\u00e4ndig abzusetzen. Organic CalMag soll in solchen F\u00e4llen immer mit der entsprechenden Vorsicht und Aufmerksamkeit eingesetzt werden.<\/p>\n<p>Wir verwenden f\u00fcr unseren CalMag-D\u00fcnger nur nat\u00fcrlich vorkommende Rohstoffe. So befinden sich in Organic Cal\/Mag nicht ausschlie\u00dflich die beiden N\u00e4hrstoffe Calcium und Magnesium, sondern dar\u00fcber hinaus auch eine breite Palette an weiteren Rohstoffen und den darin enthaltenen n\u00fctzlichen Nebenbestandteilen.<\/p>\n<p><strong>Einfache Anwendung:<\/strong><\/p>\n<p>Empfehlungen der amtlichen Beratung gehen vor.<\/p>\n<p><strong>Vor jedem Gebrauch kurz sch\u00fctteln!<\/strong><\/p>\n<p>Organic CalMag kann entweder mit allen weiteren erforderlichen Pflanzenhilfs- und D\u00fcngemitteln regelm\u00e4\u00dfig bei jedem zweiten Gie\u00dfvorgang angewendet oder, bei sich anbahnenden bzw. akut ausgepr\u00e4gten Mangelerscheinungen, in erh\u00f6hter Dosierung kurzfristig zugef\u00fchrt werden.<\/p>\n<p><strong>Zum regul\u00e4ren Gie\u00dfen in der N\u00e4hrl\u00f6sung:<\/strong><\/p>\n<ul>\n<li><strong>2 ml pro 1 Liter Wasser<\/strong><br \/>\nDie Pflanzen nur bei Bedarf bei jedem zweiten Gie\u00dfvorgang zus\u00e4tzlich mit Organic CalMag gie\u00dfen.<\/li>\n<\/ul>\n<p><strong>Bei sich anbahnenden Mangelerscheinungen:<\/strong><\/p>\n<ul>\n<li><strong>5 ml pro 1 Liter Wasser<\/strong><br \/>\nDie Pflanzen nur ein- bis zweimalig damit gie\u00dfen, danach sollten die Mangelerscheinungen wieder ausgeglichen sein.<\/li>\n<\/ul>\n<p><strong>Hinweis:<\/strong><\/p>\n<p>Ein optimal eingestellter pH-Wert der N\u00e4hrl\u00f6sung (5,8-6,5) garantiert eine konstante Aufnahmef\u00e4higkeit aller f\u00fcr die Pflanzen in der Bl\u00fctephase erforderlichen N\u00e4hrstoffe.<\/p>\n","protected":false},"excerpt":{"rendered":"<p><strong>Calcium-Magnesium Booster f\u00fcr stark zehrende Pflanzen<\/strong><\/p>\n","protected":false},"featured_media":368,"template":"","meta":[],"product_cat":[90,89],"product_tag":[],"_links":{"self":[{"href":"https:\/\/greenbuzznutrients.com\/de\/wp-json\/wp\/v2\/product\/377"}],"collection":[{"href":"https:\/\/greenbuzznutrients.com\/de\/wp-json\/wp\/v2\/product"}],"about":[{"href":"https:\/\/greenbuzznutrients.com\/de\/wp-json\/wp\/v2\/types\/product"}],"wp:featuredmedia":[{"embeddable":true,"href":"https:\/\/greenbuzznutrients.com\/de\/wp-json\/wp\/v2\/media\/368"}],"wp:attachment":[{"href":"https:\/\/greenbuzznutrients.com\/de\/wp-json\/wp\/v2\/media?parent=377"}],"wp:term":[{"taxonomy":"product_cat","embeddable":true,"href":"https:\/\/greenbuzznutrients.com\/de\/wp-json\/wp\/v2\/product_cat?post=377"},{"taxonomy":"product_tag","embeddable":true,"href":"https:\/\/greenbuzznutrients.com\/de\/wp-json\/wp\/v2\/product_tag?post=377"}],"curies":[{"name":"wp","href":"https:\/\/api.w.org\/{rel}","templated":true}]}}